{"id":24,"date":"2024-11-25T18:05:23","date_gmt":"2024-11-25T17:05:23","guid":{"rendered":"https:\/\/geneva-am.com\/es\/?page_id=24"},"modified":"2025-02-06T14:11:56","modified_gmt":"2025-02-06T13:11:56","slug":"informacion-legal","status":"publish","type":"page","link":"https:\/\/geneva-am.com\/es\/informacion-legal\/","title":{"rendered":"Informaci\u00f3n Legal"},"content":{"rendered":"\n<div class=\"wp-block-group is-layout-constrained wp-block-group-is-layout-constrained\">\n<p><strong>Condiciones de acceso y uso<\/strong><\/p>\n\n\n\n<p>Al acceder al sitio web de Geneva Asset &amp; Wealth Management SA (en adelante, \u00abGAWM\u00bb) y las p\u00e1ginas que contiene, usted declara que entiende y acepta las condiciones generales e informaci\u00f3n legal establecidas a continuaci\u00f3n. En caso de desacuerdo, le solicitamos que se abstenga de acceder a este sitio web y su contenido de inmediato.<\/p>\n\n\n\n<p>Adem\u00e1s, el acceso a la informaci\u00f3n proporcionada en este sitio web puede estar sujeto a restricciones legales y regulatorias aplicables al usuario. Las personas a quienes se les apliquen tales restricciones no deben acceder al sitio web.<\/p>\n\n\n\n<p>Lea detenidamente los siguientes t\u00e9rminos y condiciones para familiarizarse con las restricciones sobre el acceso y uso de este sitio web.<\/p>\n\n\n\n<p>Estos t\u00e9rminos de uso pueden ser modificados en cualquier momento sin previo aviso. Por lo tanto, le recomendamos que los lea regularmente.<\/p>\n\n\n\n<p><strong>Restricciones legales locales<\/strong><\/p>\n\n\n\n<p>La informaci\u00f3n y los servicios proporcionados en este sitio web no est\u00e1n destinados para su distribuci\u00f3n o uso por parte de ninguna persona o entidad en ninguna jurisdicci\u00f3n o pa\u00eds donde tal distribuci\u00f3n o uso sea contrario a las leyes o regulaciones locales.<\/p>\n\n\n\n<p>El acceso y la consulta de este sitio web est\u00e1n prohibidos para personas f\u00edsicas y jur\u00eddicas que, por raz\u00f3n de su nacionalidad, domicilio, sede social o cualquier otro motivo, est\u00e9n sujetas a una jurisdicci\u00f3n que proh\u00edba o limite el acceso a los sitios web de proveedores de servicios financieros extranjeros, en los que la publicaci\u00f3n, acceso, consulta y\/o uso de datos como los que aparecen en este sitio web constituyan una violaci\u00f3n de las leyes y regulaciones aplicables.<\/p>\n\n\n\n<p>Este principio se aplica en particular a las personas residentes en Estados Unidos y el Reino Unido. Se recomienda verificar la legislaci\u00f3n aplicable en su pa\u00eds antes de acceder, consultar y utilizar este sitio. Si se encuentra en alguna de las situaciones mencionadas anteriormente, por favor abandone este sitio web de inmediato.<\/p>\n\n\n\n<p><strong>Sin oferta<\/strong><\/p>\n\n\n\n<p>El sitio web no puede, por ning\u00fan motivo o para ning\u00fan producto o servicio, considerarse de ninguna manera como una oferta de servicio o una solicitud directa o indirecta por parte de Geneva Asset &amp; Wealth Management SA. Est\u00e1 dise\u00f1ado exclusivamente con fines informativos.<\/p>\n\n\n\n<p>La informaci\u00f3n, los datos, los productos, los prospectos o las opiniones disponibles o mencionadas en este sitio son puramente informativos y no constituyen una solicitud y\/o oferta y\/o recomendaci\u00f3n para contratar la venta de productos y\/o proporcionar servicios de gesti\u00f3n discrecional o asesoramiento. Ning\u00fan material contenido en el sitio constituye ni est\u00e1 destinado a ser asesoramiento en inversi\u00f3n, legal, fiscal, contable o de otro tipo. Bajo ninguna circunstancia los contenidos o materiales mencionados en este sitio son adecuados para todos los inversores. Antes de tomar cualquier decisi\u00f3n, los inversores deben obtener informaci\u00f3n detallada y asistencia profesional. De ninguna manera el contenido de este sitio web crea una relaci\u00f3n legal entre GAWM y el usuario.<\/p>\n\n\n\n<p>En consecuencia, el acceso, consulta y uso de los datos que aparecen en este sitio no comprometen, bajo ning\u00fan concepto, la responsabilidad de GAWM. No se podr\u00e1n presentar reclamaciones contra GAWM como resultado del acceso, consulta o uso del contenido de este sitio web.<\/p>\n\n\n\n<p><strong>Sin garant\u00eda<\/strong><\/p>\n\n\n\n<p>Geneva Asset &amp; Wealth Management SA y sus proveedores de datos se esfuerzan por garantizar que la informaci\u00f3n contenida en este sitio web sea precisa y completa en el momento de su publicaci\u00f3n. Aunque se ha obtenido de fuentes que se consideran confiables, y a pesar de todas las precauciones tomadas, GAWM y sus proveedores de datos no aceptan ninguna responsabilidad por la integridad, fiabilidad, puntualidad o exactitud de la informaci\u00f3n, ya sea expl\u00edcita o impl\u00edcitamente. Cualquier opini\u00f3n o punto de vista expresado en este sitio web est\u00e1 sujeto a cambios sin previo aviso.<\/p>\n\n\n\n<p>Dado que el contenido de este sitio est\u00e1 sujeto a cambios en cualquier momento y sin previo aviso, no debe utilizarse como base para ninguna inversi\u00f3n o decisi\u00f3n de inversi\u00f3n.<\/p>\n\n\n\n<p><strong>Limitaci\u00f3n de responsabilidad<\/strong><\/p>\n\n\n\n<p>El uso de este sitio se realiza bajo la propia y total responsabilidad del usuario.<\/p>\n\n\n\n<p>En el sentido m\u00e1s amplio de las leyes y\/o regulaciones aplicables, GAWM y sus proveedores de datos rechazan expresamente cualquier responsabilidad por cualquier motivo en relaci\u00f3n con las consecuencias de cualquier acto u omisi\u00f3n resultante del uso o dependencia total o parcial del contenido del sitio web de Geneva Asset &amp; Wealth Management SA, incluyendo, sin limitaci\u00f3n, cualquier p\u00e9rdida, reducci\u00f3n de ganancias o cualquier da\u00f1o directo o indirecto.<\/p>\n\n\n\n<p><strong>Rendimiento de la inversi\u00f3n<\/strong><\/p>\n\n\n\n<p>El valor de las inversiones y su rendimiento est\u00e1n sujetos a cambios. Los inversores pueden no recuperar los montos invertidos. Adem\u00e1s, el rendimiento pasado no es garant\u00eda de rendimiento futuro. En consecuencia, ninguna informaci\u00f3n o material en este sitio web debe ser considerada como base para tomar decisiones de inversi\u00f3n.<\/p>\n\n\n\n<p><strong>Enlaces a otros sitios web<\/strong><\/p>\n\n\n\n<p>Este sitio web puede ofrecer enlaces a otros sitios web de car\u00e1cter puramente informativo y educativo. Geneva Asset &amp; Wealth Management SA no controla el contenido de estos sitios.<\/p>\n\n\n\n<p>Estos enlaces no implican que GAWM tenga alguna relaci\u00f3n legal con terceros. GAWM no acepta ninguna responsabilidad por el contenido de los sitios web accesibles a trav\u00e9s de los enlaces ni por los productos, servicios y otros materiales ofrecidos a trav\u00e9s de ellos.<\/p>\n\n\n\n<p>Sin el consentimiento previo por escrito de GAWM, est\u00e1 prohibido establecer cualquier enlace al sitio o a cualquiera de sus contenidos o materiales.<\/p>\n\n\n\n<p><strong>Recopilaci\u00f3n de datos y cookies<\/strong><\/p>\n\n\n\n<p>El sitio web de Geneva Asset &amp; Wealth Management SA recopila datos t\u00e9cnicos sobre los usuarios, como el origen, la duraci\u00f3n, las horas de consulta y el n\u00famero de p\u00e1ginas consultadas. Esta informaci\u00f3n se utiliza con fines estad\u00edsticos y de seguridad, como una herramienta para nuestros desarrolladores web y para mejorar la comodidad del usuario, en particular mediante el uso de cookies. Para obtener informaci\u00f3n adicional, consulte la p\u00e1gina de \u00abPol\u00edtica de cookies\u00bb.<\/p>\n\n\n\n<p><strong>Tratamiento de datos personales \u2013 Confidencialidad<\/strong><\/p>\n\n\n\n<p>Geneva Asset &amp; Wealth Management SA recopila y procesa sus datos personales en el contexto de las relaciones comerciales con nuestros clientes actuales y\/o relaciones con posibles clientes, con el fin de poder ofrecerle diversos productos, as\u00ed como servicios financieros y bancarios.<\/p>\n\n\n\n<p>Geneva Asset &amp; Wealth Management SA otorga gran importancia a la protecci\u00f3n de sus datos. Al continuar en este sitio o al ponerse en contacto con nosotros, acepta expresamente nuestra pol\u00edtica de procesamiento de datos.<\/p>\n\n\n\n<p>Para obtener informaci\u00f3n sobre el tipo de datos recopilados, el motivo y prop\u00f3sito por el cual se recopilan, c\u00f3mo se procesan, a qui\u00e9n pueden ser transmitidos y las medidas de seguridad implementadas para protegerlos, consulte nuestro Aviso de Protecci\u00f3n de Datos, que se aplica a todos los productos y servicios de Geneva Asset &amp; Wealth Management SA, a trav\u00e9s del siguiente enlace \u00abPol\u00edtica de Protecci\u00f3n de Datos\u00bb.<\/p>\n\n\n\n<p><strong>Derechos de propiedad intelectual<\/strong><\/p>\n\n\n\n<p>Todo este sitio web (en particular los textos y las im\u00e1genes) est\u00e1 protegido por derechos de autor y otros derechos de propiedad intelectual, a menos que se indique expresamente lo contrario.<\/p>\n\n\n\n<p>La reproducci\u00f3n, incluso parcial, el almacenamiento temporal o permanente y la retransmisi\u00f3n total o parcial, para fines p\u00fablicos o privados, de la informaci\u00f3n contenida en el sitio web de GAWM est\u00e1 estrictamente prohibida sin el consentimiento por escrito de GAWM.<\/p>\n\n\n\n<p>La descarga o copia de cualquier software o material de este sitio web no otorga ning\u00fan derecho sobre los elementos descargados o copiados.<\/p>\n\n\n\n<p>No est\u00e1 permitido proporcionar un enlace al sitio de Geneva Asset &amp; Wealth Management SA ni utilizarlo para fines p\u00fablicos o comerciales, sin el consentimiento previo de GAWM.<\/p>\n\n\n\n<p><strong>Ley aplicable y lugar de jurisdicci\u00f3n<\/strong><\/p>\n\n\n\n<p>Cualquier disputa relacionada con el acceso, consulta y\/o uso del contenido de este sitio se regir\u00e1 exclusivamente por la ley suiza y estar\u00e1 sujeta a la jurisdicci\u00f3n exclusiva de los tribunales de la Rep\u00fablica y Cant\u00f3n de Ginebra. Se reservan los recursos ante el Tribunal Federal de Suiza.<\/p>\n<\/div>\n","protected":false},"excerpt":{"rendered":"<p>Condiciones de acceso y uso Al acceder al sitio web de Geneva Asset &amp; Wealth Management SA (en adelante, \u00abGAWM\u00bb) y las p\u00e1ginas que contiene, usted declara que entiende y acepta las condiciones generales e informaci\u00f3n legal establecidas a continuaci\u00f3n. En caso de desacuerdo, le solicitamos que se abstenga de acceder a este sitio web [&hellip;]<\/p>\n","protected":false},"author":1,"featured_media":0,"parent":0,"menu_order":0,"comment_status":"closed","ping_status":"closed","template":"","meta":{"ngg_post_thumbnail":0,"_jet_sm_ready_style":"","_jet_sm_style":"","_jet_sm_controls_values":"","_jet_sm_fonts_collection":"","_jet_sm_fonts_links":"","footnotes":""},"class_list":["post-24","page","type-page","status-publish","hentry"],"blocksy_meta":[],"_links":{"self":[{"href":"https:\/\/geneva-am.com\/es\/wp-json\/wp\/v2\/pages\/24","targetHints":{"allow":["GET"]}}],"collection":[{"href":"https:\/\/geneva-am.com\/es\/wp-json\/wp\/v2\/pages"}],"about":[{"href":"https:\/\/geneva-am.com\/es\/wp-json\/wp\/v2\/types\/page"}],"author":[{"embeddable":true,"href":"https:\/\/geneva-am.com\/es\/wp-json\/wp\/v2\/users\/1"}],"replies":[{"embeddable":true,"href":"https:\/\/geneva-am.com\/es\/wp-json\/wp\/v2\/comments?post=24"}],"version-history":[{"count":4,"href":"https:\/\/geneva-am.com\/es\/wp-json\/wp\/v2\/pages\/24\/revisions"}],"predecessor-version":[{"id":346,"href":"https:\/\/geneva-am.com\/es\/wp-json\/wp\/v2\/pages\/24\/revisions\/346"}],"wp:attachment":[{"href":"https:\/\/geneva-am.com\/es\/wp-json\/wp\/v2\/media?parent=24"}],"curies":[{"name":"wp","href":"https:\/\/api.w.org\/{rel}","templated":true}]}}