{"id":30,"date":"2024-11-25T18:07:55","date_gmt":"2024-11-25T17:07:55","guid":{"rendered":"https:\/\/geneva-am.com\/es\/?page_id=30"},"modified":"2025-02-06T14:12:59","modified_gmt":"2025-02-06T13:12:59","slug":"gestion-de-activos","status":"publish","type":"page","link":"https:\/\/geneva-am.com\/es\/nuestros-servicios\/gestion-de-activos\/","title":{"rendered":"Gesti\u00f3n de Activos"},"content":{"rendered":"\n<div class=\"wp-block-cover alignfull is-light is-repeated pattern-gradient-shadow-to-right\" style=\"margin-top:0;margin-bottom:0;padding-top:var(--wp--preset--spacing--80);padding-bottom:var(--wp--preset--spacing--70)\"><span aria-hidden=\"true\" class=\"wp-block-cover__background has-palette-color-8-background-color has-background-dim-0 has-background-dim\"><\/span><div class=\"wp-block-cover__image-background wp-image-86 is-repeated\" style=\"background-position:50% 50%;background-image:url(https:\/\/geneva-am.com\/es\/wp-content\/uploads\/sites\/4\/2024\/11\/pattern-oro-piccolo.svg)\"><\/div><div class=\"wp-block-cover__inner-container is-layout-constrained wp-block-cover-is-layout-constrained\">\n<div class=\"wp-block-group is-layout-constrained wp-block-group-is-layout-constrained\"><h1 class=\"has-text-align-center has-link-color wp-elements-483c783525a75b3320fc677f56041fea wp-block-post-title has-text-color has-palette-color-1-color\">Gesti\u00f3n de Activos<\/h1>\n\n\n<p class=\"has-text-align-center\">Nuestros servicios de gesti\u00f3n de activos est\u00e1n dise\u00f1ados para construir un portafolio que no solo refleje su perfil, sino que tambi\u00e9n ofrezca un rendimiento s\u00f3lido a trav\u00e9s de los ciclos del mercado. Estamos comprometidos a maximizar el valor de sus activos con un enfoque personalizado y flexible.<\/p>\n<\/div>\n\n\n\n<div class=\"wp-block-columns is-layout-flex wp-container-core-columns-is-layout-0d2c5bbe wp-block-columns-is-layout-flex\" style=\"margin-top:var(--wp--preset--spacing--60)\">\n<div class=\"wp-block-column is-vertically-aligned-center is-layout-flow wp-block-column-is-layout-flow\">\n<h2 class=\"wp-block-heading has-text-align-center has-48-font-size has-palette-color-1-color has-text-color has-link-color wp-elements-549bc049f9cc77c29b4ce591ee260d68\">Enfoque de inversi\u00f3n personalizado<\/h2>\n\n\n\n<p class=\"has-text-align-center has-24-font-size\">Entendemos que cada cliente es \u00fanico, al igual que cada portafolio.<br>Su portafolio se construye seg\u00fan su perfil de inversi\u00f3n, utilizando una combinaci\u00f3n de:<\/p>\n\n\n\n<div class=\"wp-block-columns is-layout-flex wp-container-core-columns-is-layout-28f84493 wp-block-columns-is-layout-flex\">\n<div class=\"wp-block-column is-layout-flow wp-block-column-is-layout-flow\">\n<div class=\"wp-block-group has-border-color has-palette-color-2-border-color has-white-background-color has-background is-vertical is-content-justification-center is-layout-flex wp-container-core-group-is-layout-2c83537a wp-block-group-is-layout-flex\" style=\"border-width:2px;padding-top:var(--wp--preset--spacing--40);padding-right:var(--wp--preset--spacing--40);padding-bottom:var(--wp--preset--spacing--40);padding-left:var(--wp--preset--spacing--40)\">\n<figure class=\"wp-block-image aligncenter size-full is-resized wp-duotone-rgb415771-var--theme-palette-color-2c1a85e-1\"><img decoding=\"async\" src=\"https:\/\/geneva-am.com\/es\/wp-content\/uploads\/sites\/4\/2024\/11\/Direct-Investments.svg\" alt=\"\" class=\"wp-image-105\" style=\"object-fit:cover;width:80px;height:80px\"\/><\/figure>\n\n\n\n<h3 class=\"wp-block-heading has-text-align-center\" style=\"margin-top:0;margin-bottom:0\">Inversiones Directas<\/h3>\n\n\n\n<p class=\"has-text-align-center\" style=\"margin-top:0;margin-bottom:0\">Acciones y Bonos.<\/p>\n<\/div>\n<\/div>\n\n\n\n<div class=\"wp-block-column is-layout-flow wp-block-column-is-layout-flow\">\n<div class=\"wp-block-group has-border-color has-palette-color-2-border-color has-white-background-color has-background is-vertical is-content-justification-center is-layout-flex wp-container-core-group-is-layout-2c83537a wp-block-group-is-layout-flex\" style=\"border-width:2px;padding-top:var(--wp--preset--spacing--40);padding-right:var(--wp--preset--spacing--40);padding-bottom:var(--wp--preset--spacing--40);padding-left:var(--wp--preset--spacing--40)\">\n<figure class=\"wp-block-image aligncenter size-full is-resized wp-duotone-rgb415771-var--theme-palette-color-2c1a85e-2\"><img decoding=\"async\" src=\"https:\/\/geneva-am.com\/es\/wp-content\/uploads\/sites\/4\/2024\/11\/Specialized-Investment-Products.svg\" alt=\"\" class=\"wp-image-106\" style=\"object-fit:cover;width:80px;height:80px\"\/><\/figure>\n\n\n\n<h3 class=\"wp-block-heading has-text-align-center\" style=\"margin-top:0;margin-bottom:0\">Productos de Inversi\u00f3n Especializados<\/h3>\n\n\n\n<p class=\"has-text-align-center\" style=\"margin-top:0;margin-bottom:0\">Enfocados en regiones, sectores o clases de activos espec\u00edficos.<\/p>\n<\/div>\n<\/div>\n<\/div>\n<\/div>\n<\/div>\n<\/div><\/div>\n\n\n\n<div class=\"wp-block-stackable-columns alignfull stk-block-columns stk--hide-tablet stk--hide-mobile stk-block stk-66400c1\" data-block-id=\"66400c1\"><style>.stk-66400c1 {margin-top:0px !important;margin-bottom:0px !important;}@media screen and (max-width:689px){.stk-66400c1 {margin-bottom:0px !important;}}<\/style><div class=\"stk-row stk-inner-blocks stk-block-content stk-content-align stk-66400c1-column alignfull\">\n<div class=\"wp-block-stackable-column stk-block-column stk-column stk-block stk-346a306\" data-v=\"4\" data-block-id=\"346a306\"><style>.stk-346a306-container{margin-top:0px !important;margin-right:0px !important;margin-bottom:0px !important;margin-left:0px !important;}<\/style><div class=\"stk-column-wrapper stk-block-column__content stk-container stk-346a306-container stk--no-background stk--no-padding\"><div class=\"stk-block-content stk-inner-blocks stk-346a306-inner-blocks\">\n<div class=\"wp-block-cover alignfull is-light cover-container\" style=\"padding-top:0;padding-right:0;padding-bottom:0;padding-left:0;min-height:50px;aspect-ratio:unset;\"><span aria-hidden=\"true\" class=\"wp-block-cover__background has-palette-color-1-background-color has-background-dim-0 has-background-dim\"><\/span><div class=\"wp-block-cover__inner-container is-layout-flow wp-block-cover-is-layout-flow\">\n<div class=\"cover-container min-h-300\">\n    <div class=\"bg-cover\"><\/div>\n    <div class=\"image-cover\"><\/div>\n    <div class=\"overlay\"><\/div>\n    <div class=\"content\">\n        <div data-block=\"hook:70\" class=\"alignfull\"><article id=\"post-70\" class=\"post-70\"><div class=\"entry-content is-layout-constrained\">\n<div class=\"wp-block-columns content is-layout-flex wp-container-core-columns-is-layout-28232c24 wp-block-columns-is-layout-flex\">\n<div class=\"wp-block-column is-vertically-aligned-center is-layout-flow wp-block-column-is-layout-flow\" style=\"padding-right:0;padding-left:0\">\n<h3 class=\"wp-block-heading has-palette-color-9-color has-text-color has-link-color wp-elements-0c2291582329d7a4b4c0fef55aa78e68\">Nos enfocamos en seleccionar la mejor relaci\u00f3n coste\/beneficio para cada instrumento financiero, asegurando que no surjan conflictos de inter\u00e9s. Nuestro compromiso con la transparencia significa que elegimos exclusivamente inversiones que se alinean con sus metas y objetivos.<\/h3>\n<\/div>\n<\/div>\n<\/div><\/article><\/div>\n    <\/div>\n<\/div>\n<\/div><\/div>\n<\/div><\/div><\/div>\n<\/div><\/div>\n\n\n\n<div class=\"wp-block-stackable-columns alignfull stk-block-columns stk--hide-desktop stk-block stk-da19ba3\" data-block-id=\"da19ba3\"><style>.stk-da19ba3 {margin-top:0px !important;margin-bottom:0px !important;}@media screen and (max-width:999px){.stk-da19ba3 {margin-top:0px !important;margin-bottom:0px !important;}}@media screen and (max-width:689px){.stk-da19ba3 {margin-top:0px !important;margin-bottom:0px !important;}}<\/style><div class=\"stk-row stk-inner-blocks stk-block-content stk-content-align stk-da19ba3-column alignfull\">\n<div class=\"wp-block-stackable-column stk-block-column stk-column stk-block stk-8b7e86a\" data-v=\"4\" data-block-id=\"8b7e86a\"><style>.stk-8b7e86a-container{margin-top:0px !important;margin-right:0px !important;margin-bottom:0px !important;margin-left:0px !important;}<\/style><div class=\"stk-column-wrapper stk-block-column__content stk-container stk-8b7e86a-container stk--no-background stk--no-padding\"><div class=\"stk-block-content stk-inner-blocks stk-8b7e86a-inner-blocks\">\n<div class=\"wp-block-cover alignfull is-light cover-container\" style=\"padding-top:0;padding-right:0;padding-bottom:0;padding-left:0;min-height:400px;aspect-ratio:unset;\"><span aria-hidden=\"true\" class=\"wp-block-cover__background has-palette-color-1-background-color has-background-dim-0 has-background-dim\"><\/span><div class=\"wp-block-cover__inner-container is-layout-flow wp-block-cover-is-layout-flow\">\n<div class=\"cover-container min-h-400\">\n    <div class=\"bg-cover\"><\/div>\n    <div class=\"image-cover\"><\/div>\n    <div class=\"overlay\"><\/div>\n    <div class=\"content\">\n        <div data-block=\"hook:70\" class=\"alignfull\"><article id=\"post-70\" class=\"post-70\"><div class=\"entry-content is-layout-constrained\">\n<div class=\"wp-block-columns content is-layout-flex wp-container-core-columns-is-layout-28232c24 wp-block-columns-is-layout-flex\">\n<div class=\"wp-block-column is-vertically-aligned-center is-layout-flow wp-block-column-is-layout-flow\" style=\"padding-right:0;padding-left:0\">\n<h3 class=\"wp-block-heading has-palette-color-9-color has-text-color has-link-color wp-elements-0c2291582329d7a4b4c0fef55aa78e68\">Nos enfocamos en seleccionar la mejor relaci\u00f3n coste\/beneficio para cada instrumento financiero, asegurando que no surjan conflictos de inter\u00e9s. Nuestro compromiso con la transparencia significa que elegimos exclusivamente inversiones que se alinean con sus metas y objetivos.<\/h3>\n<\/div>\n<\/div>\n<\/div><\/article><\/div>\n    <\/div>\n<\/div>\n<\/div><\/div>\n<\/div><\/div><\/div>\n<\/div><\/div>\n\n\n\n<div class=\"wp-block-cover alignfull is-light is-repeated pattern-gradient-shadow-to-right\" style=\"margin-top:0;margin-bottom:0;padding-top:var(--wp--preset--spacing--70);padding-bottom:var(--wp--preset--spacing--70);min-height:50px;aspect-ratio:unset;\"><span aria-hidden=\"true\" class=\"wp-block-cover__background has-palette-color-8-background-color has-background-dim-0 has-background-dim\"><\/span><div class=\"wp-block-cover__image-background wp-image-86 is-repeated\" style=\"background-position:50% 50%;background-image:url(https:\/\/geneva-am.com\/es\/wp-content\/uploads\/sites\/4\/2024\/11\/pattern-oro-piccolo.svg)\"><\/div><div class=\"wp-block-cover__inner-container is-layout-constrained wp-block-cover-is-layout-constrained\">\n<div class=\"wp-block-columns is-layout-flex wp-container-core-columns-is-layout-643ced6b wp-block-columns-is-layout-flex\">\n<div class=\"wp-block-column is-vertically-aligned-center is-layout-flow wp-block-column-is-layout-flow\">\n<h3 class=\"wp-block-heading has-48-font-size has-palette-color-1-color has-text-color has-link-color wp-elements-c5a89f31f76ac8427ad245c63ef2ad95\">Experiencia colaborativa<\/h3>\n\n\n\n<p class=\"has-24-font-size\">Reconocemos que el panorama de inversiones es diverso. Para asegurarnos de que reciba las mejores soluciones, nos asociamos con expertos de confianza en \u00e1reas especializadas como bienes ra\u00edces, gesti\u00f3n alternativa y productos estructurados.<\/p>\n\n\n\n<p class=\"has-24-font-size\">Nuestra red de colaboradores nos permite acceder a la experiencia adecuada para su situaci\u00f3n \u00fanica.<br><\/p>\n<\/div>\n<\/div>\n<\/div><\/div>\n","protected":false},"excerpt":{"rendered":"","protected":false},"author":1,"featured_media":0,"parent":28,"menu_order":0,"comment_status":"closed","ping_status":"closed","template":"","meta":{"ngg_post_thumbnail":0,"_jet_sm_ready_style":"","_jet_sm_style":"","_jet_sm_controls_values":"","_jet_sm_fonts_collection":"","_jet_sm_fonts_links":"","footnotes":""},"class_list":["post-30","page","type-page","status-publish","hentry"],"blocksy_meta":{"vertical_spacing_source":"custom","content_area_spacing":"bottom","styles_descriptor":{"styles":{"desktop":"","tablet":"","mobile":""},"google_fonts":[],"version":6}},"_links":{"self":[{"href":"https:\/\/geneva-am.com\/es\/wp-json\/wp\/v2\/pages\/30","targetHints":{"allow":["GET"]}}],"collection":[{"href":"https:\/\/geneva-am.com\/es\/wp-json\/wp\/v2\/pages"}],"about":[{"href":"https:\/\/geneva-am.com\/es\/wp-json\/wp\/v2\/types\/page"}],"author":[{"embeddable":true,"href":"https:\/\/geneva-am.com\/es\/wp-json\/wp\/v2\/users\/1"}],"replies":[{"embeddable":true,"href":"https:\/\/geneva-am.com\/es\/wp-json\/wp\/v2\/comments?post=30"}],"version-history":[{"count":4,"href":"https:\/\/geneva-am.com\/es\/wp-json\/wp\/v2\/pages\/30\/revisions"}],"predecessor-version":[{"id":349,"href":"https:\/\/geneva-am.com\/es\/wp-json\/wp\/v2\/pages\/30\/revisions\/349"}],"up":[{"embeddable":true,"href":"https:\/\/geneva-am.com\/es\/wp-json\/wp\/v2\/pages\/28"}],"wp:attachment":[{"href":"https:\/\/geneva-am.com\/es\/wp-json\/wp\/v2\/media?parent=30"}],"curies":[{"name":"wp","href":"https:\/\/api.w.org\/{rel}","templated":true}]}}