{"id":32,"date":"2024-11-25T18:08:38","date_gmt":"2024-11-25T17:08:38","guid":{"rendered":"https:\/\/geneva-am.com\/es\/?page_id=32"},"modified":"2025-02-06T14:15:17","modified_gmt":"2025-02-06T13:15:17","slug":"oficina-familiar","status":"publish","type":"page","link":"https:\/\/geneva-am.com\/es\/nuestros-servicios\/oficina-familiar\/","title":{"rendered":"Oficina Familiar"},"content":{"rendered":"\n<div class=\"wp-block-cover alignfull is-light is-repeated pattern-gradient-shadow-to-right\" style=\"margin-top:0;margin-bottom:0;padding-top:var(--wp--preset--spacing--80);padding-bottom:var(--wp--preset--spacing--70);min-height:620px;aspect-ratio:unset;\"><span aria-hidden=\"true\" class=\"wp-block-cover__background has-palette-color-8-background-color has-background-dim-0 has-background-dim\"><\/span><div class=\"wp-block-cover__image-background wp-image-86 is-repeated\" style=\"background-position:50% 50%;background-image:url(https:\/\/geneva-am.com\/es\/wp-content\/uploads\/sites\/4\/2024\/11\/pattern-oro-piccolo.svg)\"><\/div><div class=\"wp-block-cover__inner-container is-layout-constrained wp-block-cover-is-layout-constrained\">\n<div class=\"wp-block-group is-layout-constrained wp-block-group-is-layout-constrained\"><h1 class=\"has-text-align-center has-link-color wp-elements-483c783525a75b3320fc677f56041fea wp-block-post-title has-text-color has-palette-color-1-color\">Oficina Familiar<\/h1>\n\n\n<p class=\"has-text-align-center\">Adem\u00e1s de la gesti\u00f3n de patrimonios, que es la base de nuestro negocio, nuestros servicios de Family Office ofrecen una amplia gama de soluciones personalizadas para satisfacer las necesidades espec\u00edficas de nuestros clientes.<\/p>\n<\/div>\n\n\n\n<div class=\"wp-block-group is-layout-constrained wp-container-core-group-is-layout-c5ef5625 wp-block-group-is-layout-constrained\" style=\"margin-top:var(--wp--preset--spacing--60)\">\n<div class=\"wp-block-columns content is-layout-flex wp-container-core-columns-is-layout-076b8e0d wp-block-columns-is-layout-flex\">\n<div class=\"wp-block-column is-vertically-aligned-center is-layout-flow wp-block-column-is-layout-flow\" style=\"padding-top:0;padding-right:0;padding-bottom:0;padding-left:0;flex-basis:50%\">\n<figure class=\"wp-block-image size-full is-resized\"><img decoding=\"async\" width=\"1920\" height=\"1080\" src=\"https:\/\/geneva-am.com\/es\/wp-content\/uploads\/sites\/4\/2024\/12\/Estate-and-Succession-Planning.webp\" alt=\"\" class=\"wp-image-305\" style=\"object-fit:cover;width:600px;height:300px\" srcset=\"https:\/\/geneva-am.com\/es\/wp-content\/uploads\/sites\/4\/2024\/12\/Estate-and-Succession-Planning.webp 1920w, https:\/\/geneva-am.com\/es\/wp-content\/uploads\/sites\/4\/2024\/12\/Estate-and-Succession-Planning-300x169.webp 300w, https:\/\/geneva-am.com\/es\/wp-content\/uploads\/sites\/4\/2024\/12\/Estate-and-Succession-Planning-1024x576.webp 1024w, https:\/\/geneva-am.com\/es\/wp-content\/uploads\/sites\/4\/2024\/12\/Estate-and-Succession-Planning-768x432.webp 768w, https:\/\/geneva-am.com\/es\/wp-content\/uploads\/sites\/4\/2024\/12\/Estate-and-Succession-Planning-1536x864.webp 1536w\" sizes=\"(max-width: 1920px) 100vw, 1920px\" \/><\/figure>\n<\/div>\n\n\n\n<div class=\"wp-block-column is-vertically-aligned-center is-layout-flow wp-block-column-is-layout-flow\" style=\"padding-top:0;padding-right:0;padding-bottom:0;padding-left:0;flex-basis:50%\">\n<h3 class=\"wp-block-heading has-palette-color-1-color has-text-color has-link-color wp-elements-b1b09ac00fb3ed38bdf3eaf669c2ad24\" style=\"margin-top:0;margin-bottom:var(--wp--preset--spacing--30)\">Planificaci\u00f3n Patrimonial y Sucesoria<\/h3>\n\n\n\n<p style=\"margin-top:0;margin-bottom:0\">Estamos dedicados a proteger, preservar y transferir eficientemente su patrimonio de acuerdo con sus deseos. Asesoramos en planificaci\u00f3n sucesoria y estrategias de continuidad empresarial. Utilizamos una variedad de soluciones personalizadas, como fideicomisos, fundaciones, holdings, seguros de vida y estrategias de reubicaci\u00f3n, para alcanzar sus objetivos.<\/p>\n<\/div>\n<\/div>\n\n\n\n<div class=\"wp-block-columns content reverse is-layout-flex wp-container-core-columns-is-layout-076b8e0d wp-block-columns-is-layout-flex\">\n<div class=\"wp-block-column is-vertically-aligned-center is-layout-flow wp-block-column-is-layout-flow\" style=\"padding-top:0;padding-right:0;padding-bottom:0;padding-left:0;flex-basis:50%\">\n<h3 class=\"wp-block-heading has-palette-color-1-color has-text-color has-link-color wp-elements-3159b8c0c9dc59e4bc0398dbbbbd777f\" style=\"margin-top:0;margin-bottom:var(--wp--preset--spacing--30)\">Gobernanza Familiar<\/h3>\n\n\n\n<p style=\"margin-top:0;margin-bottom:0\">Apoyamos el desarrollo de estrategias efectivas para proteger y hacer crecer la riqueza familiar a trav\u00e9s de generaciones, manteniendo estricta confidencialidad en todos los aspectos de la gesti\u00f3n patrimonial.&nbsp;Ofrecemos planes integrales para asegurar una transici\u00f3n patrimonial fluida dentro de las familias, organizando reuniones familiares y ofreciendo servicios de mediaci\u00f3n.&nbsp;Nuestras soluciones de gobierno familiar est\u00e1n dise\u00f1adas para establecer s\u00f3lidas estructuras de gobernanza familiar y mantener la armon\u00eda entre los miembros de la familia.<\/p>\n<\/div>\n\n\n\n<div class=\"wp-block-column is-vertically-aligned-center is-layout-flow wp-block-column-is-layout-flow\" style=\"padding-top:0;padding-right:0;padding-bottom:0;padding-left:0;flex-basis:50%\">\n<figure class=\"wp-block-image size-full is-resized\"><img decoding=\"async\" width=\"1920\" height=\"1080\" src=\"https:\/\/geneva-am.com\/es\/wp-content\/uploads\/sites\/4\/2024\/12\/Family-Governance.webp\" alt=\"\" class=\"wp-image-306\" style=\"object-fit:cover;width:600px;height:300px\" srcset=\"https:\/\/geneva-am.com\/es\/wp-content\/uploads\/sites\/4\/2024\/12\/Family-Governance.webp 1920w, https:\/\/geneva-am.com\/es\/wp-content\/uploads\/sites\/4\/2024\/12\/Family-Governance-300x169.webp 300w, https:\/\/geneva-am.com\/es\/wp-content\/uploads\/sites\/4\/2024\/12\/Family-Governance-1024x576.webp 1024w, https:\/\/geneva-am.com\/es\/wp-content\/uploads\/sites\/4\/2024\/12\/Family-Governance-768x432.webp 768w, https:\/\/geneva-am.com\/es\/wp-content\/uploads\/sites\/4\/2024\/12\/Family-Governance-1536x864.webp 1536w\" sizes=\"(max-width: 1920px) 100vw, 1920px\" \/><\/figure>\n<\/div>\n<\/div>\n\n\n\n<div class=\"wp-block-columns content is-layout-flex wp-container-core-columns-is-layout-076b8e0d wp-block-columns-is-layout-flex\">\n<div class=\"wp-block-column is-vertically-aligned-center is-layout-flow wp-block-column-is-layout-flow\" style=\"padding-top:0;padding-right:0;padding-bottom:0;padding-left:0;flex-basis:50%\">\n<figure class=\"wp-block-image size-full is-resized\"><img decoding=\"async\" width=\"1920\" height=\"1080\" src=\"https:\/\/geneva-am.com\/es\/wp-content\/uploads\/sites\/4\/2024\/12\/Business-Development-Advisory.webp\" alt=\"\" class=\"wp-image-307\" style=\"object-fit:cover;width:600px;height:300px\" srcset=\"https:\/\/geneva-am.com\/es\/wp-content\/uploads\/sites\/4\/2024\/12\/Business-Development-Advisory.webp 1920w, https:\/\/geneva-am.com\/es\/wp-content\/uploads\/sites\/4\/2024\/12\/Business-Development-Advisory-300x169.webp 300w, https:\/\/geneva-am.com\/es\/wp-content\/uploads\/sites\/4\/2024\/12\/Business-Development-Advisory-1024x576.webp 1024w, https:\/\/geneva-am.com\/es\/wp-content\/uploads\/sites\/4\/2024\/12\/Business-Development-Advisory-768x432.webp 768w, https:\/\/geneva-am.com\/es\/wp-content\/uploads\/sites\/4\/2024\/12\/Business-Development-Advisory-1536x864.webp 1536w\" sizes=\"(max-width: 1920px) 100vw, 1920px\" \/><\/figure>\n<\/div>\n\n\n\n<div class=\"wp-block-column is-vertically-aligned-center is-layout-flow wp-block-column-is-layout-flow\" style=\"padding-top:0;padding-right:0;padding-bottom:0;padding-left:0;flex-basis:50%\">\n<h3 class=\"wp-block-heading has-palette-color-1-color has-text-color has-link-color wp-elements-b6af620e9cb5c8de3cc2097f122f0e05\" style=\"margin-top:0;margin-bottom:var(--wp--preset--spacing--30)\">Consultor\u00eda en Desarrollo Empresarial<\/h3>\n\n\n\n<p style=\"margin-top:0;margin-bottom:0\">Proporcionamos consultor\u00eda experto en desarrollo empresarial con soluciones personalizadas para satisfacer las necesidades \u00fanicas de cada miembro de la familia, desde la formaci\u00f3n de empresas y transferencias empresariales hasta proyectos inmobiliarios y financiamiento. Tambi\u00e9n ayudamos en la b\u00fasqueda de socios y ofrecemos acceso a oportunidades de inversi\u00f3n globales y experiencia transfronteriza, aprovechando nuestra amplia red de contactos comerciales.<\/p>\n<\/div>\n<\/div>\n<\/div>\n<\/div><\/div>\n\n\n\n<div class=\"wp-block-stackable-columns alignfull stk-block-columns stk--hide-tablet stk--hide-mobile stk-block stk-66400c1\" data-block-id=\"66400c1\"><style>.stk-66400c1 {margin-top:0px !important;margin-bottom:0px !important;}@media screen and (max-width:689px){.stk-66400c1 {margin-bottom:0px !important;}}<\/style><div class=\"stk-row stk-inner-blocks stk-block-content stk-content-align stk-66400c1-column alignfull\">\n<div class=\"wp-block-stackable-column stk-block-column stk-column stk-block stk-346a306\" data-v=\"4\" data-block-id=\"346a306\"><style>.stk-346a306-container{margin-top:0px !important;margin-right:0px !important;margin-bottom:0px !important;margin-left:0px !important;}<\/style><div class=\"stk-column-wrapper stk-block-column__content stk-container stk-346a306-container stk--no-background stk--no-padding\"><div class=\"stk-block-content stk-inner-blocks stk-346a306-inner-blocks\">\n<div class=\"wp-block-cover alignfull is-light cover-container\" style=\"padding-top:0;padding-right:0;padding-bottom:0;padding-left:0;min-height:50px;aspect-ratio:unset;\"><span aria-hidden=\"true\" class=\"wp-block-cover__background has-palette-color-1-background-color has-background-dim-0 has-background-dim\"><\/span><div class=\"wp-block-cover__inner-container is-layout-flow wp-block-cover-is-layout-flow\">\n<div class=\"cover-container py-8\">\n    <div class=\"bg-cover\"><\/div>\n    <div class=\"image-cover\"><\/div>\n    <div class=\"overlay\"><\/div>\n    <div class=\"content\">\n        <div data-block=\"hook:72\" class=\"alignfull\"><article id=\"post-72\" class=\"post-72\"><div class=\"entry-content is-layout-constrained\">\n<div class=\"wp-block-columns content reverse is-layout-flex wp-container-core-columns-is-layout-076b8e0d wp-block-columns-is-layout-flex\">\n<div class=\"wp-block-column is-vertically-aligned-center is-layout-flow wp-block-column-is-layout-flow\" style=\"padding-top:0;padding-right:0;padding-bottom:0;padding-left:0;flex-basis:50%\">\n<h3 class=\"wp-block-heading has-palette-color-9-color has-text-color has-link-color wp-elements-9c8ce0a8eb593689cc73aafcf97c47e7\" style=\"margin-top:0;margin-bottom:var(--wp--preset--spacing--30)\">Gesti\u00f3n del Estilo de Vida<\/h3>\n\n\n\n<p class=\"has-palette-color-8-color has-text-color has-link-color wp-elements-c7126a35ebd64fbef1ff19b875ab1919\" style=\"margin-top:0;margin-bottom:0\">Nuestros servicios integrales de asistencia personal satisfacen sus necesidades diarias, brindando servicios de conserjer\u00eda para los miembros de la familia, como planificaci\u00f3n de viajes, gesti\u00f3n de propiedades y seguridad. Desde la gesti\u00f3n de pagos de facturas, correspondencia y mantenimiento de segundas residencias hasta la provisi\u00f3n de servicios de chofer y la facilitaci\u00f3n de matr\u00edculas escolares en el extranjero, nos aseguramos de que cada aspecto de su vida personal se maneje sin problemas. Tambi\u00e9n podemos asesorarle en inversiones en arte y objetos de colecci\u00f3n.<\/p>\n<\/div>\n\n\n\n<div class=\"wp-block-column is-vertically-aligned-center is-layout-flow wp-block-column-is-layout-flow\" style=\"padding-top:0;padding-right:0;padding-bottom:0;padding-left:0;flex-basis:50%\">\n<figure class=\"wp-block-image size-full is-resized\"><img decoding=\"async\" width=\"1920\" height=\"1080\" src=\"https:\/\/geneva-am.com\/es\/wp-content\/uploads\/sites\/4\/2024\/11\/Life-Style.webp\" alt=\"\" class=\"wp-image-309\" style=\"object-fit:cover;width:600px;height:300px\" srcset=\"https:\/\/geneva-am.com\/es\/wp-content\/uploads\/sites\/4\/2024\/11\/Life-Style.webp 1920w, https:\/\/geneva-am.com\/es\/wp-content\/uploads\/sites\/4\/2024\/11\/Life-Style-300x169.webp 300w, https:\/\/geneva-am.com\/es\/wp-content\/uploads\/sites\/4\/2024\/11\/Life-Style-1024x576.webp 1024w, https:\/\/geneva-am.com\/es\/wp-content\/uploads\/sites\/4\/2024\/11\/Life-Style-768x432.webp 768w, https:\/\/geneva-am.com\/es\/wp-content\/uploads\/sites\/4\/2024\/11\/Life-Style-1536x864.webp 1536w\" sizes=\"(max-width: 1920px) 100vw, 1920px\" \/><\/figure>\n<\/div>\n<\/div>\n\n\n\n<div style=\"height:24px\" aria-hidden=\"true\" class=\"wp-block-spacer\"><\/div>\n\n\n\n<div class=\"wp-block-columns content is-layout-flex wp-container-core-columns-is-layout-076b8e0d wp-block-columns-is-layout-flex\">\n<div class=\"wp-block-column is-vertically-aligned-center is-layout-flow wp-block-column-is-layout-flow\" style=\"padding-top:0;padding-right:0;padding-bottom:0;padding-left:0;flex-basis:50%\">\n<figure class=\"wp-block-image size-full is-resized\"><img decoding=\"async\" width=\"1920\" height=\"1281\" src=\"https:\/\/geneva-am.com\/es\/wp-content\/uploads\/sites\/4\/2024\/11\/Charitable-and-Philanthropic-Activities.webp\" alt=\"\" class=\"wp-image-310\" style=\"object-fit:cover;width:600px;height:300px\" srcset=\"https:\/\/geneva-am.com\/es\/wp-content\/uploads\/sites\/4\/2024\/11\/Charitable-and-Philanthropic-Activities.webp 1920w, https:\/\/geneva-am.com\/es\/wp-content\/uploads\/sites\/4\/2024\/11\/Charitable-and-Philanthropic-Activities-300x200.webp 300w, https:\/\/geneva-am.com\/es\/wp-content\/uploads\/sites\/4\/2024\/11\/Charitable-and-Philanthropic-Activities-1024x683.webp 1024w, https:\/\/geneva-am.com\/es\/wp-content\/uploads\/sites\/4\/2024\/11\/Charitable-and-Philanthropic-Activities-768x512.webp 768w, https:\/\/geneva-am.com\/es\/wp-content\/uploads\/sites\/4\/2024\/11\/Charitable-and-Philanthropic-Activities-1536x1025.webp 1536w\" sizes=\"(max-width: 1920px) 100vw, 1920px\" \/><\/figure>\n<\/div>\n\n\n\n<div class=\"wp-block-column is-vertically-aligned-center is-layout-flow wp-block-column-is-layout-flow\" style=\"padding-top:0;padding-right:0;padding-bottom:0;padding-left:0;flex-basis:50%\">\n<h3 class=\"wp-block-heading has-palette-color-9-color has-text-color has-link-color wp-elements-5d068a7ddf286decdeb089787a3e487c\" style=\"margin-top:0;margin-bottom:var(--wp--preset--spacing--30)\">Actividades Filantr\u00f3picas y Ben\u00e9ficas<\/h3>\n\n\n\n<p class=\"has-palette-color-8-color has-text-color has-link-color wp-elements-f78a517495c773effaee8811bb6beed3\" style=\"margin-top:0;margin-bottom:0\">Para los clientes que buscan dejar un impacto duradero, ayudamos a establecer organizaciones sin fines de lucro, fideicomisos y fundaciones ben\u00e9ficas de utilidad p\u00fablica que inviertan en empresas y organizaciones con impacto social y ambiental positivo. Tambi\u00e9n ayudamos a organizar eventos para promover sus iniciativas filantr\u00f3picas y garantizar su \u00e9xito.<\/p>\n<\/div>\n<\/div>\n<\/div><\/article><\/div>\n    <\/div>\n<\/div>\n<\/div><\/div>\n<\/div><\/div><\/div>\n<\/div><\/div>\n\n\n\n<div class=\"wp-block-stackable-columns alignfull stk-block-columns stk--hide-desktop stk-block stk-da19ba3\" data-block-id=\"da19ba3\"><style>.stk-da19ba3 {margin-top:0px !important;margin-bottom:0px !important;}@media screen and (max-width:999px){.stk-da19ba3 {margin-top:0px !important;margin-bottom:0px !important;}}@media screen and (max-width:689px){.stk-da19ba3 {margin-top:0px !important;margin-bottom:0px !important;}}<\/style><div class=\"stk-row stk-inner-blocks stk-block-content stk-content-align stk-da19ba3-column alignfull\">\n<div class=\"wp-block-stackable-column stk-block-column stk-column stk-block stk-8b7e86a\" data-v=\"4\" data-block-id=\"8b7e86a\"><style>.stk-8b7e86a-container{margin-top:0px !important;margin-right:0px !important;margin-bottom:0px !important;margin-left:0px !important;}<\/style><div class=\"stk-column-wrapper stk-block-column__content stk-container stk-8b7e86a-container stk--no-background stk--no-padding\"><div class=\"stk-block-content stk-inner-blocks stk-8b7e86a-inner-blocks\">\n<div class=\"wp-block-cover alignfull is-light cover-container\" style=\"padding-top:0;padding-right:0;padding-bottom:0;padding-left:0;min-height:400px;aspect-ratio:unset;\"><span aria-hidden=\"true\" class=\"wp-block-cover__background has-palette-color-1-background-color has-background-dim-0 has-background-dim\"><\/span><div class=\"wp-block-cover__inner-container is-layout-flow wp-block-cover-is-layout-flow\">\n<div class=\"cover-container min-h-full py-8\">\n    <div class=\"bg-cover\"><\/div>\n    <div class=\"image-cover\"><\/div>\n    <div class=\"overlay\"><\/div>\n    <div class=\"content\">\n        <div data-block=\"hook:72\" class=\"alignfull\"><article id=\"post-72\" class=\"post-72\"><div class=\"entry-content is-layout-constrained\">\n<div class=\"wp-block-columns content reverse is-layout-flex wp-container-core-columns-is-layout-076b8e0d wp-block-columns-is-layout-flex\">\n<div class=\"wp-block-column is-vertically-aligned-center is-layout-flow wp-block-column-is-layout-flow\" style=\"padding-top:0;padding-right:0;padding-bottom:0;padding-left:0;flex-basis:50%\">\n<h3 class=\"wp-block-heading has-palette-color-9-color has-text-color has-link-color wp-elements-9c8ce0a8eb593689cc73aafcf97c47e7\" style=\"margin-top:0;margin-bottom:var(--wp--preset--spacing--30)\">Gesti\u00f3n del Estilo de Vida<\/h3>\n\n\n\n<p class=\"has-palette-color-8-color has-text-color has-link-color wp-elements-c7126a35ebd64fbef1ff19b875ab1919\" style=\"margin-top:0;margin-bottom:0\">Nuestros servicios integrales de asistencia personal satisfacen sus necesidades diarias, brindando servicios de conserjer\u00eda para los miembros de la familia, como planificaci\u00f3n de viajes, gesti\u00f3n de propiedades y seguridad. Desde la gesti\u00f3n de pagos de facturas, correspondencia y mantenimiento de segundas residencias hasta la provisi\u00f3n de servicios de chofer y la facilitaci\u00f3n de matr\u00edculas escolares en el extranjero, nos aseguramos de que cada aspecto de su vida personal se maneje sin problemas. Tambi\u00e9n podemos asesorarle en inversiones en arte y objetos de colecci\u00f3n.<\/p>\n<\/div>\n\n\n\n<div class=\"wp-block-column is-vertically-aligned-center is-layout-flow wp-block-column-is-layout-flow\" style=\"padding-top:0;padding-right:0;padding-bottom:0;padding-left:0;flex-basis:50%\">\n<figure class=\"wp-block-image size-full is-resized\"><img decoding=\"async\" width=\"1920\" height=\"1080\" src=\"https:\/\/geneva-am.com\/es\/wp-content\/uploads\/sites\/4\/2024\/11\/Life-Style.webp\" alt=\"\" class=\"wp-image-309\" style=\"object-fit:cover;width:600px;height:300px\" srcset=\"https:\/\/geneva-am.com\/es\/wp-content\/uploads\/sites\/4\/2024\/11\/Life-Style.webp 1920w, https:\/\/geneva-am.com\/es\/wp-content\/uploads\/sites\/4\/2024\/11\/Life-Style-300x169.webp 300w, https:\/\/geneva-am.com\/es\/wp-content\/uploads\/sites\/4\/2024\/11\/Life-Style-1024x576.webp 1024w, https:\/\/geneva-am.com\/es\/wp-content\/uploads\/sites\/4\/2024\/11\/Life-Style-768x432.webp 768w, https:\/\/geneva-am.com\/es\/wp-content\/uploads\/sites\/4\/2024\/11\/Life-Style-1536x864.webp 1536w\" sizes=\"(max-width: 1920px) 100vw, 1920px\" \/><\/figure>\n<\/div>\n<\/div>\n\n\n\n<div style=\"height:24px\" aria-hidden=\"true\" class=\"wp-block-spacer\"><\/div>\n\n\n\n<div class=\"wp-block-columns content is-layout-flex wp-container-core-columns-is-layout-076b8e0d wp-block-columns-is-layout-flex\">\n<div class=\"wp-block-column is-vertically-aligned-center is-layout-flow wp-block-column-is-layout-flow\" style=\"padding-top:0;padding-right:0;padding-bottom:0;padding-left:0;flex-basis:50%\">\n<figure class=\"wp-block-image size-full is-resized\"><img decoding=\"async\" width=\"1920\" height=\"1281\" src=\"https:\/\/geneva-am.com\/es\/wp-content\/uploads\/sites\/4\/2024\/11\/Charitable-and-Philanthropic-Activities.webp\" alt=\"\" class=\"wp-image-310\" style=\"object-fit:cover;width:600px;height:300px\" srcset=\"https:\/\/geneva-am.com\/es\/wp-content\/uploads\/sites\/4\/2024\/11\/Charitable-and-Philanthropic-Activities.webp 1920w, https:\/\/geneva-am.com\/es\/wp-content\/uploads\/sites\/4\/2024\/11\/Charitable-and-Philanthropic-Activities-300x200.webp 300w, https:\/\/geneva-am.com\/es\/wp-content\/uploads\/sites\/4\/2024\/11\/Charitable-and-Philanthropic-Activities-1024x683.webp 1024w, https:\/\/geneva-am.com\/es\/wp-content\/uploads\/sites\/4\/2024\/11\/Charitable-and-Philanthropic-Activities-768x512.webp 768w, https:\/\/geneva-am.com\/es\/wp-content\/uploads\/sites\/4\/2024\/11\/Charitable-and-Philanthropic-Activities-1536x1025.webp 1536w\" sizes=\"(max-width: 1920px) 100vw, 1920px\" \/><\/figure>\n<\/div>\n\n\n\n<div class=\"wp-block-column is-vertically-aligned-center is-layout-flow wp-block-column-is-layout-flow\" style=\"padding-top:0;padding-right:0;padding-bottom:0;padding-left:0;flex-basis:50%\">\n<h3 class=\"wp-block-heading has-palette-color-9-color has-text-color has-link-color wp-elements-5d068a7ddf286decdeb089787a3e487c\" style=\"margin-top:0;margin-bottom:var(--wp--preset--spacing--30)\">Actividades Filantr\u00f3picas y Ben\u00e9ficas<\/h3>\n\n\n\n<p class=\"has-palette-color-8-color has-text-color has-link-color wp-elements-f78a517495c773effaee8811bb6beed3\" style=\"margin-top:0;margin-bottom:0\">Para los clientes que buscan dejar un impacto duradero, ayudamos a establecer organizaciones sin fines de lucro, fideicomisos y fundaciones ben\u00e9ficas de utilidad p\u00fablica que inviertan en empresas y organizaciones con impacto social y ambiental positivo. Tambi\u00e9n ayudamos a organizar eventos para promover sus iniciativas filantr\u00f3picas y garantizar su \u00e9xito.<\/p>\n<\/div>\n<\/div>\n<\/div><\/article><\/div>\n    <\/div>\n<\/div>\n<\/div><\/div>\n<\/div><\/div><\/div>\n<\/div><\/div>\n","protected":false},"excerpt":{"rendered":"","protected":false},"author":1,"featured_media":0,"parent":28,"menu_order":0,"comment_status":"closed","ping_status":"closed","template":"","meta":{"ngg_post_thumbnail":0,"_jet_sm_ready_style":"","_jet_sm_style":"","_jet_sm_controls_values":"","_jet_sm_fonts_collection":"","_jet_sm_fonts_links":"","footnotes":""},"class_list":["post-32","page","type-page","status-publish","hentry"],"blocksy_meta":{"vertical_spacing_source":"custom","content_area_spacing":"bottom","styles_descriptor":{"styles":{"desktop":"","tablet":"","mobile":""},"google_fonts":[],"version":6}},"_links":{"self":[{"href":"https:\/\/geneva-am.com\/es\/wp-json\/wp\/v2\/pages\/32","targetHints":{"allow":["GET"]}}],"collection":[{"href":"https:\/\/geneva-am.com\/es\/wp-json\/wp\/v2\/pages"}],"about":[{"href":"https:\/\/geneva-am.com\/es\/wp-json\/wp\/v2\/types\/page"}],"author":[{"embeddable":true,"href":"https:\/\/geneva-am.com\/es\/wp-json\/wp\/v2\/users\/1"}],"replies":[{"embeddable":true,"href":"https:\/\/geneva-am.com\/es\/wp-json\/wp\/v2\/comments?post=32"}],"version-history":[{"count":6,"href":"https:\/\/geneva-am.com\/es\/wp-json\/wp\/v2\/pages\/32\/revisions"}],"predecessor-version":[{"id":351,"href":"https:\/\/geneva-am.com\/es\/wp-json\/wp\/v2\/pages\/32\/revisions\/351"}],"up":[{"embeddable":true,"href":"https:\/\/geneva-am.com\/es\/wp-json\/wp\/v2\/pages\/28"}],"wp:attachment":[{"href":"https:\/\/geneva-am.com\/es\/wp-json\/wp\/v2\/media?parent=32"}],"curies":[{"name":"wp","href":"https:\/\/api.w.org\/{rel}","templated":true}]}}