{"id":34,"date":"2024-11-25T18:09:26","date_gmt":"2024-11-25T17:09:26","guid":{"rendered":"https:\/\/geneva-am.com\/es\/?page_id=34"},"modified":"2025-02-06T14:13:21","modified_gmt":"2025-02-06T13:13:21","slug":"gestion-de-patrimonio","status":"publish","type":"page","link":"https:\/\/geneva-am.com\/es\/nuestros-servicios\/gestion-de-patrimonio\/","title":{"rendered":"Gesti\u00f3n de Patrimonio"},"content":{"rendered":"\n<div class=\"wp-block-cover alignfull is-light is-repeated pattern-gradient-shadow-to-right\" style=\"margin-top:0;margin-bottom:0;padding-top:var(--wp--preset--spacing--80);padding-bottom:var(--wp--preset--spacing--70);min-height:620px;aspect-ratio:unset;\"><span aria-hidden=\"true\" class=\"wp-block-cover__background has-palette-color-8-background-color has-background-dim-0 has-background-dim\"><\/span><div class=\"wp-block-cover__image-background wp-image-86 is-repeated\" style=\"background-position:50% 50%;background-image:url(https:\/\/geneva-am.com\/es\/wp-content\/uploads\/sites\/4\/2024\/11\/pattern-oro-piccolo.svg)\"><\/div><div class=\"wp-block-cover__inner-container is-layout-constrained wp-block-cover-is-layout-constrained\">\n<div class=\"wp-block-group is-layout-constrained wp-block-group-is-layout-constrained\"><h1 class=\"has-text-align-center has-link-color wp-elements-483c783525a75b3320fc677f56041fea wp-block-post-title has-text-color has-palette-color-1-color\">Gesti\u00f3n de Patrimonio<\/h1>\n\n\n<p class=\"has-text-align-center\">En el coraz\u00f3n de Geneva Asset &amp; Wealth Management se encuentra nuestra dedicaci\u00f3n a preservar y hacer crecer su patrimonio a trav\u00e9s de una planificaci\u00f3n estrat\u00e9gica y personalizada. Comenzamos comprendiendo sus circunstancias financieras \u00fanicas, lo que nos permite desarrollar una estrategia integral que respalde sus objetivos a largo plazo, ya sean personales o familiares.<\/p>\n<\/div>\n\n\n\n<div class=\"wp-block-columns is-layout-flex wp-container-core-columns-is-layout-0d2c5bbe wp-block-columns-is-layout-flex\" style=\"margin-top:var(--wp--preset--spacing--60)\">\n<div class=\"wp-block-column is-vertically-aligned-center is-layout-flow wp-block-column-is-layout-flow\">\n<h2 class=\"wp-block-heading has-text-align-center has-palette-color-1-color has-text-color has-link-color wp-elements-06a43af5125ef54f6d8edfc862e48d6c\">Creando su Perfil Patrimonial<\/h2>\n\n\n\n<p class=\"has-text-align-center has-24-font-size\">Realizamos un an\u00e1lisis exhaustivo de su situaci\u00f3n financiera, definiendo factores clave como:<\/p>\n\n\n\n<div class=\"wp-block-columns is-layout-flex wp-container-core-columns-is-layout-28f84493 wp-block-columns-is-layout-flex\">\n<div class=\"wp-block-column is-vertically-aligned-center is-layout-flow wp-block-column-is-layout-flow\">\n<div class=\"wp-block-group has-border-color has-palette-color-2-border-color has-white-background-color has-background is-vertical is-content-justification-center is-layout-flex wp-container-core-group-is-layout-68b6c5d3 wp-block-group-is-layout-flex\" style=\"border-width:2px;min-height:340px;padding-top:var(--wp--preset--spacing--40);padding-right:var(--wp--preset--spacing--40);padding-bottom:var(--wp--preset--spacing--40);padding-left:var(--wp--preset--spacing--40)\">\n<figure class=\"wp-block-image aligncenter size-full is-resized wp-duotone-rgb415771-var--theme-palette-color-2c1a85e-1\"><img decoding=\"async\" src=\"https:\/\/geneva-am.com\/es\/wp-content\/uploads\/sites\/4\/2024\/11\/Risk-Tolerance.svg\" alt=\"\" class=\"wp-image-99\" style=\"object-fit:cover;width:80px;height:80px\"\/><\/figure>\n\n\n\n<h3 class=\"wp-block-heading has-text-align-center\" style=\"margin-top:0;margin-bottom:0\">Tolerancia al Riesgo<\/h3>\n\n\n\n<p class=\"has-text-align-center\" style=\"margin-top:0;margin-bottom:0\">Entender si tiende hacia estrategias de inversi\u00f3n conservadoras o din\u00e1micas.<\/p>\n<\/div>\n<\/div>\n\n\n\n<div class=\"wp-block-column is-vertically-aligned-center is-layout-flow wp-block-column-is-layout-flow\">\n<div class=\"wp-block-group has-border-color has-palette-color-2-border-color has-white-background-color has-background is-vertical is-content-justification-center is-layout-flex wp-container-core-group-is-layout-68b6c5d3 wp-block-group-is-layout-flex\" style=\"border-width:2px;min-height:340px;padding-top:var(--wp--preset--spacing--40);padding-right:var(--wp--preset--spacing--40);padding-bottom:var(--wp--preset--spacing--40);padding-left:var(--wp--preset--spacing--40)\">\n<figure class=\"wp-block-image aligncenter size-full is-resized wp-duotone-rgb415771-var--theme-palette-color-2c1a85e-2\"><img decoding=\"async\" src=\"https:\/\/geneva-am.com\/es\/wp-content\/uploads\/sites\/4\/2024\/11\/Investment-Horizon.svg\" alt=\"\" class=\"wp-image-100\" style=\"object-fit:cover;width:80px;height:80px\"\/><\/figure>\n\n\n\n<h3 class=\"wp-block-heading has-text-align-center\" style=\"margin-top:0;margin-bottom:0\">Horizonte de Inversi\u00f3n<\/h3>\n\n\n\n<p class=\"has-text-align-center\" style=\"margin-top:0;margin-bottom:0\">Identificar el plazo \u00f3ptimo para sus inversiones financieras.<\/p>\n<\/div>\n<\/div>\n\n\n\n<div class=\"wp-block-column is-vertically-aligned-center is-layout-flow wp-block-column-is-layout-flow\">\n<div class=\"wp-block-group has-border-color has-palette-color-2-border-color has-white-background-color has-background is-vertical is-content-justification-center is-layout-flex wp-container-core-group-is-layout-68b6c5d3 wp-block-group-is-layout-flex\" style=\"border-width:2px;min-height:340px;padding-top:var(--wp--preset--spacing--40);padding-right:var(--wp--preset--spacing--40);padding-bottom:var(--wp--preset--spacing--40);padding-left:var(--wp--preset--spacing--40)\">\n<figure class=\"wp-block-image aligncenter size-full is-resized wp-duotone-rgb415771-var--theme-palette-color-2c1a85e-3\"><img decoding=\"async\" src=\"https:\/\/geneva-am.com\/es\/wp-content\/uploads\/sites\/4\/2024\/11\/Future-Cash.svg\" alt=\"\" class=\"wp-image-101\" style=\"object-fit:cover;width:80px;height:80px\"\/><\/figure>\n\n\n\n<h3 class=\"wp-block-heading has-text-align-center\" style=\"margin-top:0;margin-bottom:0\">Necesidades de ingresos y flujos de efectivo futuros<\/h3>\n\n\n\n<p class=\"has-text-align-center\" style=\"margin-top:0;margin-bottom:0\">Personalizando estrategias seg\u00fan sus necesidades de flujo de efectivo actuales y futuras.<\/p>\n<\/div>\n<\/div>\n<\/div>\n<\/div>\n<\/div>\n<\/div><\/div>\n\n\n\n<div class=\"wp-block-stackable-columns alignfull stk-block-columns stk-block stk-66400c1\" data-block-id=\"66400c1\"><style>.stk-66400c1 {margin-top:0px !important;margin-bottom:0px !important;}@media screen and (max-width:689px){.stk-66400c1 {margin-bottom:0px !important;}}<\/style><div class=\"stk-row stk-inner-blocks stk-block-content stk-content-align stk-66400c1-column alignfull\">\n<div class=\"wp-block-stackable-column stk-block-column stk-column stk-block stk-346a306\" data-v=\"4\" data-block-id=\"346a306\"><style>.stk-346a306-container{margin-top:0px !important;margin-right:0px !important;margin-bottom:0px !important;margin-left:0px !important;}<\/style><div class=\"stk-column-wrapper stk-block-column__content stk-container stk-346a306-container stk--no-background stk--no-padding\"><div class=\"stk-block-content stk-inner-blocks stk-346a306-inner-blocks\">\n<div class=\"wp-block-cover alignfull is-light cover-container\" style=\"padding-top:0;padding-right:0;padding-bottom:0;padding-left:0;min-height:50px;aspect-ratio:unset;\"><span aria-hidden=\"true\" class=\"wp-block-cover__background has-palette-color-1-background-color has-background-dim-0 has-background-dim\"><\/span><div class=\"wp-block-cover__inner-container is-layout-flow wp-block-cover-is-layout-flow\">\n<div class=\"cover-container min-h-200 py-8\">\n    <div class=\"bg-cover\"><\/div>\n    <div class=\"image-cover\"><\/div>\n    <div class=\"overlay\"><\/div>\n    <div class=\"content\">\n        <div data-block=\"hook:68\" class=\"alignfull\"><article id=\"post-68\" class=\"post-68\"><div class=\"entry-content is-layout-constrained\">\n<div class=\"wp-block-columns content is-layout-flex wp-container-core-columns-is-layout-28232c24 wp-block-columns-is-layout-flex\">\n<div class=\"wp-block-column is-vertically-aligned-center is-layout-flow wp-block-column-is-layout-flow\" style=\"padding-right:0;padding-left:0\">\n<h3 class=\"wp-block-heading has-palette-color-9-color has-text-color has-link-color wp-elements-f41f57b73adfb18f8833afe30975f8b0\">Con este perfil, dise\u00f1amos una estrategia de gesti\u00f3n de patrimonios que se alinea con su estilo de vida, aspiraciones futuras y necesidades familiares.<\/h3>\n<\/div>\n<\/div>\n<\/div><\/article><\/div>\n    <\/div>\n<\/div>\n<\/div><\/div>\n<\/div><\/div><\/div>\n<\/div><\/div>\n","protected":false},"excerpt":{"rendered":"","protected":false},"author":1,"featured_media":0,"parent":28,"menu_order":0,"comment_status":"closed","ping_status":"closed","template":"","meta":{"ngg_post_thumbnail":0,"_jet_sm_ready_style":"","_jet_sm_style":"","_jet_sm_controls_values":"","_jet_sm_fonts_collection":"","_jet_sm_fonts_links":"","footnotes":""},"class_list":["post-34","page","type-page","status-publish","hentry"],"blocksy_meta":{"vertical_spacing_source":"custom","content_area_spacing":"bottom","styles_descriptor":{"styles":{"desktop":"","tablet":"","mobile":""},"google_fonts":[],"version":6}},"_links":{"self":[{"href":"https:\/\/geneva-am.com\/es\/wp-json\/wp\/v2\/pages\/34","targetHints":{"allow":["GET"]}}],"collection":[{"href":"https:\/\/geneva-am.com\/es\/wp-json\/wp\/v2\/pages"}],"about":[{"href":"https:\/\/geneva-am.com\/es\/wp-json\/wp\/v2\/types\/page"}],"author":[{"embeddable":true,"href":"https:\/\/geneva-am.com\/es\/wp-json\/wp\/v2\/users\/1"}],"replies":[{"embeddable":true,"href":"https:\/\/geneva-am.com\/es\/wp-json\/wp\/v2\/comments?post=34"}],"version-history":[{"count":3,"href":"https:\/\/geneva-am.com\/es\/wp-json\/wp\/v2\/pages\/34\/revisions"}],"predecessor-version":[{"id":350,"href":"https:\/\/geneva-am.com\/es\/wp-json\/wp\/v2\/pages\/34\/revisions\/350"}],"up":[{"embeddable":true,"href":"https:\/\/geneva-am.com\/es\/wp-json\/wp\/v2\/pages\/28"}],"wp:attachment":[{"href":"https:\/\/geneva-am.com\/es\/wp-json\/wp\/v2\/media?parent=34"}],"curies":[{"name":"wp","href":"https:\/\/api.w.org\/{rel}","templated":true}]}}