{"id":33,"date":"2024-11-25T12:03:54","date_gmt":"2024-11-25T11:03:54","guid":{"rendered":"https:\/\/geneva-am.com\/fr\/?page_id=33"},"modified":"2025-05-28T11:51:57","modified_gmt":"2025-05-28T09:51:57","slug":"gestion-de-patrimoine","status":"publish","type":"page","link":"https:\/\/geneva-am.com\/fr\/nos-services\/gestion-de-patrimoine\/","title":{"rendered":"Gestion de Patrimoine"},"content":{"rendered":"\n<div class=\"wp-block-cover alignfull is-light is-repeated pattern-gradient-shadow-to-right\" style=\"margin-top:0;margin-bottom:0;padding-top:var(--wp--preset--spacing--80);padding-bottom:var(--wp--preset--spacing--70);min-height:620px;aspect-ratio:unset;\"><span aria-hidden=\"true\" class=\"wp-block-cover__background has-palette-color-8-background-color has-background-dim-0 has-background-dim\"><\/span><div class=\"wp-block-cover__image-background wp-image-86 is-repeated\" style=\"background-position:50% 50%;background-image:url(https:\/\/geneva-am.com\/fr\/wp-content\/uploads\/sites\/3\/2024\/11\/pattern-oro-piccolo-1.svg)\"><\/div><div class=\"wp-block-cover__inner-container is-layout-constrained wp-block-cover-is-layout-constrained\">\n<div class=\"wp-block-group is-layout-constrained wp-block-group-is-layout-constrained\"><h1 class=\"has-text-align-center has-link-color wp-elements-483c783525a75b3320fc677f56041fea wp-block-post-title has-text-color has-palette-color-1-color\">Gestion de Patrimoine<\/h1>\n\n\n<p class=\"has-text-align-center\">Chez Geneva Asset &amp; Wealth Management r\u00e9side notre engagement \u00e0 pr\u00e9server et \u00e0 faire cro\u00eetre votre patrimoine gr\u00e2ce \u00e0 une planification strat\u00e9gique et personnalis\u00e9e.<br>Nous commen\u00e7ons par comprendre votre situation financi\u00e8re unique, ce qui nous permet de d\u00e9velopper une strat\u00e9gie globale soutenant vos objectifs \u00e0 long terme, qu\u2019ils soient personnels ou familiaux.<\/p>\n<\/div>\n\n\n\n<div class=\"wp-block-columns is-layout-flex wp-container-core-columns-is-layout-0d2c5bbe wp-block-columns-is-layout-flex\" style=\"margin-top:var(--wp--preset--spacing--60)\">\n<div class=\"wp-block-column is-vertically-aligned-center is-layout-flow wp-block-column-is-layout-flow\">\n<h2 class=\"wp-block-heading has-text-align-center has-palette-color-1-color has-text-color has-link-color wp-elements-f8fc954f5aba2de83574c7d13f5156e7\">Cr\u00e9er Votre Profil Patrimonial<\/h2>\n\n\n\n<p class=\"has-text-align-center has-24-font-size\">Nous analysons de fa\u00e7on d\u00e9taill\u00e9e votre situation financi\u00e8re, en d\u00e9finissant des facteurs cl\u00e9s tels que :<\/p>\n\n\n\n<div class=\"wp-block-columns is-layout-flex wp-container-core-columns-is-layout-28f84493 wp-block-columns-is-layout-flex\">\n<div class=\"wp-block-column is-vertically-aligned-center is-layout-flow wp-block-column-is-layout-flow\">\n<div class=\"wp-block-group has-border-color has-palette-color-2-border-color has-white-background-color has-background is-vertical is-content-justification-center is-layout-flex wp-container-core-group-is-layout-68b6c5d3 wp-block-group-is-layout-flex\" style=\"border-width:2px;min-height:320px;padding-top:var(--wp--preset--spacing--40);padding-right:var(--wp--preset--spacing--40);padding-bottom:var(--wp--preset--spacing--40);padding-left:var(--wp--preset--spacing--40)\">\n<figure class=\"wp-block-image aligncenter size-full is-resized wp-duotone-rgb415771-var--theme-palette-color-2c1a85e-1\"><img decoding=\"async\" src=\"https:\/\/geneva-am.com\/fr\/wp-content\/uploads\/sites\/3\/2024\/11\/Risk-Tolerance.svg\" alt=\"\" class=\"wp-image-35\" style=\"object-fit:cover;width:80px;height:80px\" \/><\/figure>\n\n\n\n<h3 class=\"wp-block-heading has-text-align-center\" style=\"margin-top:0;margin-bottom:0\">Tol\u00e9rance au Risque<\/h3>\n\n\n\n<p class=\"has-text-align-center\" style=\"margin-top:0;margin-bottom:0\">Comprendre si vous privil\u00e9giez des strat\u00e9gies d\u2019investissement conservatrices ou dynamiques.<\/p>\n<\/div>\n<\/div>\n\n\n\n<div class=\"wp-block-column is-vertically-aligned-center is-layout-flow wp-block-column-is-layout-flow\">\n<div class=\"wp-block-group has-border-color has-palette-color-2-border-color has-white-background-color has-background is-vertical is-content-justification-center is-layout-flex wp-container-core-group-is-layout-68b6c5d3 wp-block-group-is-layout-flex\" style=\"border-width:2px;min-height:320px;padding-top:var(--wp--preset--spacing--40);padding-right:var(--wp--preset--spacing--40);padding-bottom:var(--wp--preset--spacing--40);padding-left:var(--wp--preset--spacing--40)\">\n<figure class=\"wp-block-image aligncenter size-full is-resized wp-duotone-rgb415771-var--theme-palette-color-2c1a85e-2\"><img decoding=\"async\" src=\"https:\/\/geneva-am.com\/fr\/wp-content\/uploads\/sites\/3\/2024\/11\/Investment-Horizon.svg\" alt=\"\" class=\"wp-image-36\" style=\"object-fit:cover;width:80px;height:80px\" \/><\/figure>\n\n\n\n<h3 class=\"wp-block-heading has-text-align-center\" style=\"margin-top:0;margin-bottom:0\">Horizon d\u2019Investissement<\/h3>\n\n\n\n<p class=\"has-text-align-center\" style=\"margin-top:0;margin-bottom:0\">Identifier la dur\u00e9e optimale pour vos investissements financiers.<\/p>\n<\/div>\n<\/div>\n\n\n\n<div class=\"wp-block-column is-vertically-aligned-center is-layout-flow wp-block-column-is-layout-flow\">\n<div class=\"wp-block-group has-border-color has-palette-color-2-border-color has-white-background-color has-background is-vertical is-content-justification-center is-layout-flex wp-container-core-group-is-layout-68b6c5d3 wp-block-group-is-layout-flex\" style=\"border-width:2px;min-height:320px;padding-top:var(--wp--preset--spacing--40);padding-right:var(--wp--preset--spacing--40);padding-bottom:var(--wp--preset--spacing--40);padding-left:var(--wp--preset--spacing--40)\">\n<figure class=\"wp-block-image aligncenter size-full is-resized wp-duotone-rgb415771-var--theme-palette-color-2c1a85e-3\"><img decoding=\"async\" src=\"https:\/\/geneva-am.com\/fr\/wp-content\/uploads\/sites\/3\/2024\/11\/Future-Cash.svg\" alt=\"\" class=\"wp-image-37\" style=\"object-fit:cover;width:80px;height:80px\" \/><\/figure>\n\n\n\n<h3 class=\"wp-block-heading has-text-align-center\" style=\"margin-top:0;margin-bottom:0\">Besoins en Revenus et Flux de Tr\u00e9sorerie Futurs<\/h3>\n\n\n\n<p class=\"has-text-align-center\" style=\"margin-top:0;margin-bottom:0\">Adapter les strat\u00e9gies en fonction de vos besoins actuels et futurs en flux de tr\u00e9sorerie.<\/p>\n<\/div>\n<\/div>\n<\/div>\n<\/div>\n<\/div>\n<\/div><\/div>\n\n\n\n<div class=\"wp-block-stackable-columns alignfull stk-block-columns stk-block stk-66400c1\" data-block-id=\"66400c1\"><style>.stk-66400c1 {margin-top:0px !important;margin-bottom:0px !important;}@media screen and (max-width:689px){.stk-66400c1 {margin-bottom:0px !important;}}<\/style><div class=\"stk-row stk-inner-blocks stk-block-content stk-content-align stk-66400c1-column alignfull\">\n<div class=\"wp-block-stackable-column stk-block-column stk-column stk-block stk-346a306\" data-v=\"4\" data-block-id=\"346a306\"><style>.stk-346a306-container{margin-top:0px !important;margin-right:0px !important;margin-bottom:0px !important;margin-left:0px !important;}<\/style><div class=\"stk-column-wrapper stk-block-column__content stk-container stk-346a306-container stk--no-background stk--no-padding\"><div class=\"stk-block-content stk-inner-blocks stk-346a306-inner-blocks\">\n<div class=\"wp-block-cover alignfull is-light cover-container\" style=\"padding-top:0;padding-right:0;padding-bottom:0;padding-left:0;min-height:50px;aspect-ratio:unset;\"><span aria-hidden=\"true\" class=\"wp-block-cover__background has-palette-color-1-background-color has-background-dim-0 has-background-dim\"><\/span><div class=\"wp-block-cover__inner-container is-layout-flow wp-block-cover-is-layout-flow\">\n<div class=\"cover-container min-h-200 py-8\">\n    <div class=\"bg-cover\"><\/div>\n    <div class=\"image-cover\"><\/div>\n    <div class=\"overlay\"><\/div>\n    <div class=\"content\">\n        <div data-block=\"hook:106\" class=\"alignfull\"><article id=\"post-106\" class=\"post-106\"><div class=\"entry-content is-layout-constrained\">\n<div class=\"wp-block-columns content is-layout-flex wp-container-core-columns-is-layout-28232c24 wp-block-columns-is-layout-flex\">\n<div class=\"wp-block-column is-vertically-aligned-center is-layout-flow wp-block-column-is-layout-flow\" style=\"padding-right:0;padding-left:0\">\n<h3 class=\"wp-block-heading has-palette-color-9-color has-text-color has-link-color wp-elements-4552a6611bebd6959e89cc1d7d945cdf\">Avec ce profil, nous \u00e9laborons une strat\u00e9gie de gestion de patrimoine qui s\u2019aligne sur votre style de vie, vos ambitions futures et les besoins de votre famille.<\/h3>\n<\/div>\n<\/div>\n<\/div><\/article><\/div>\n    <\/div>\n<\/div>\n<\/div><\/div>\n<\/div><\/div><\/div>\n<\/div><\/div>\n","protected":false},"excerpt":{"rendered":"","protected":false},"author":1,"featured_media":0,"parent":31,"menu_order":0,"comment_status":"closed","ping_status":"closed","template":"","meta":{"ngg_post_thumbnail":0,"_jet_sm_ready_style":"","_jet_sm_style":"","_jet_sm_controls_values":"","_jet_sm_fonts_collection":"","_jet_sm_fonts_links":"","footnotes":""},"class_list":["post-33","page","type-page","status-publish","hentry"],"blocksy_meta":{"vertical_spacing_source":"custom","content_area_spacing":"bottom","styles_descriptor":{"styles":{"desktop":"","tablet":"","mobile":""},"google_fonts":[],"version":6}},"_links":{"self":[{"href":"https:\/\/geneva-am.com\/fr\/wp-json\/wp\/v2\/pages\/33","targetHints":{"allow":["GET"]}}],"collection":[{"href":"https:\/\/geneva-am.com\/fr\/wp-json\/wp\/v2\/pages"}],"about":[{"href":"https:\/\/geneva-am.com\/fr\/wp-json\/wp\/v2\/types\/page"}],"author":[{"embeddable":true,"href":"https:\/\/geneva-am.com\/fr\/wp-json\/wp\/v2\/users\/1"}],"replies":[{"embeddable":true,"href":"https:\/\/geneva-am.com\/fr\/wp-json\/wp\/v2\/comments?post=33"}],"version-history":[{"count":7,"href":"https:\/\/geneva-am.com\/fr\/wp-json\/wp\/v2\/pages\/33\/revisions"}],"predecessor-version":[{"id":424,"href":"https:\/\/geneva-am.com\/fr\/wp-json\/wp\/v2\/pages\/33\/revisions\/424"}],"up":[{"embeddable":true,"href":"https:\/\/geneva-am.com\/fr\/wp-json\/wp\/v2\/pages\/31"}],"wp:attachment":[{"href":"https:\/\/geneva-am.com\/fr\/wp-json\/wp\/v2\/media?parent=33"}],"curies":[{"name":"wp","href":"https:\/\/api.w.org\/{rel}","templated":true}]}}