{"id":39,"date":"2024-11-25T12:06:17","date_gmt":"2024-11-25T11:06:17","guid":{"rendered":"https:\/\/geneva-am.com\/fr\/?page_id=39"},"modified":"2025-05-28T11:50:01","modified_gmt":"2025-05-28T09:50:01","slug":"gestion-dactifs","status":"publish","type":"page","link":"https:\/\/geneva-am.com\/fr\/nos-services\/gestion-dactifs\/","title":{"rendered":"Gestion d&rsquo;Actifs"},"content":{"rendered":"\n<div class=\"wp-block-cover alignfull is-light is-repeated pattern-gradient-shadow-to-right\" style=\"margin-top:0;margin-bottom:0;padding-top:var(--wp--preset--spacing--80);padding-bottom:var(--wp--preset--spacing--70)\"><span aria-hidden=\"true\" class=\"wp-block-cover__background has-palette-color-8-background-color has-background-dim-0 has-background-dim\"><\/span><div class=\"wp-block-cover__image-background wp-image-86 is-repeated\" style=\"background-position:50% 50%;background-image:url(https:\/\/geneva-am.com\/fr\/wp-content\/uploads\/sites\/3\/2024\/11\/pattern-oro-piccolo-1.svg)\"><\/div><div class=\"wp-block-cover__inner-container is-layout-constrained wp-block-cover-is-layout-constrained\">\n<div class=\"wp-block-group is-layout-constrained wp-block-group-is-layout-constrained\"><h1 class=\"has-text-align-center has-link-color wp-elements-483c783525a75b3320fc677f56041fea wp-block-post-title has-text-color has-palette-color-1-color\">Gestion d&rsquo;Actifs<\/h1>\n\n\n<p class=\"has-text-align-center\">Nos services de gestion d\u2019actifs sont con\u00e7us pour cr\u00e9er un portefeuille qui refl\u00e8te non seulement votre profil, mais qui offre \u00e9galement de solides performances \u00e0 travers les cycles de march\u00e9. Nous nous engageons \u00e0 maximiser la valeur de vos actifs gr\u00e2ce \u00e0 une approche personnalis\u00e9e et flexible.<\/p>\n<\/div>\n\n\n\n<div class=\"wp-block-columns is-layout-flex wp-container-core-columns-is-layout-0d2c5bbe wp-block-columns-is-layout-flex\" style=\"margin-top:var(--wp--preset--spacing--60)\">\n<div class=\"wp-block-column is-vertically-aligned-center is-layout-flow wp-block-column-is-layout-flow\">\n<h2 class=\"wp-block-heading has-text-align-center has-48-font-size has-palette-color-1-color has-text-color has-link-color wp-elements-3488a7ff139f56a818c4b192952a5190\">Approche d\u2019Investissement Sur Mesure<\/h2>\n\n\n\n<p class=\"has-text-align-center has-24-font-size\">Nous comprenons que chaque client est unique, tout comme chaque portefeuille.<br>Votre portefeuille est construit en fonction de votre profil d\u2019investissement, en utilisant une combinaison :<br><\/p>\n\n\n\n<div class=\"wp-block-columns is-layout-flex wp-container-core-columns-is-layout-28f84493 wp-block-columns-is-layout-flex\">\n<div class=\"wp-block-column is-layout-flow wp-block-column-is-layout-flow\">\n<div class=\"wp-block-group has-border-color has-palette-color-2-border-color has-white-background-color has-background is-vertical is-content-justification-center is-layout-flex wp-container-core-group-is-layout-2c83537a wp-block-group-is-layout-flex\" style=\"border-width:2px;padding-top:var(--wp--preset--spacing--40);padding-right:var(--wp--preset--spacing--40);padding-bottom:var(--wp--preset--spacing--40);padding-left:var(--wp--preset--spacing--40)\">\n<figure class=\"wp-block-image aligncenter size-full is-resized wp-duotone-rgb415771-var--theme-palette-color-2c1a85e-1\"><img decoding=\"async\" src=\"https:\/\/geneva-am.com\/fr\/wp-content\/uploads\/sites\/3\/2024\/11\/Direct-Investments.svg\" alt=\"\" class=\"wp-image-40\" style=\"object-fit:cover;width:80px;height:80px\" \/><\/figure>\n\n\n\n<h3 class=\"wp-block-heading has-text-align-center\" style=\"margin-top:0;margin-bottom:0\">Investissements Directs<\/h3>\n\n\n\n<p class=\"has-text-align-center\" style=\"margin-top:0;margin-bottom:0\">Actions, obligations et autres&#8230;<\/p>\n<\/div>\n<\/div>\n\n\n\n<div class=\"wp-block-column is-layout-flow wp-block-column-is-layout-flow\">\n<div class=\"wp-block-group has-border-color has-palette-color-2-border-color has-white-background-color has-background is-vertical is-content-justification-center is-layout-flex wp-container-core-group-is-layout-2c83537a wp-block-group-is-layout-flex\" style=\"border-width:2px;padding-top:var(--wp--preset--spacing--40);padding-right:var(--wp--preset--spacing--40);padding-bottom:var(--wp--preset--spacing--40);padding-left:var(--wp--preset--spacing--40)\">\n<figure class=\"wp-block-image aligncenter size-full is-resized wp-duotone-rgb415771-var--theme-palette-color-2c1a85e-2\"><img decoding=\"async\" src=\"https:\/\/geneva-am.com\/fr\/wp-content\/uploads\/sites\/3\/2024\/11\/Specialized-Investment-Products.svg\" alt=\"\" class=\"wp-image-41\" style=\"object-fit:cover;width:80px;height:80px\" \/><\/figure>\n\n\n\n<h3 class=\"wp-block-heading has-text-align-center\" style=\"margin-top:0;margin-bottom:0\">Produits d\u2019Investissement Sp\u00e9cialis\u00e9s<\/h3>\n\n\n\n<p class=\"has-text-align-center\" style=\"margin-top:0;margin-bottom:0\">Ciblant des r\u00e9gions, des secteurs ou des classes d\u2019actifs sp\u00e9cifiques.<\/p>\n<\/div>\n<\/div>\n<\/div>\n<\/div>\n<\/div>\n<\/div><\/div>\n\n\n\n<div class=\"wp-block-stackable-columns alignfull stk-block-columns stk--hide-tablet stk--hide-mobile stk-block stk-66400c1\" data-block-id=\"66400c1\"><style>.stk-66400c1 {margin-top:0px !important;margin-bottom:0px !important;}@media screen and (max-width:689px){.stk-66400c1 {margin-bottom:0px !important;}}<\/style><div class=\"stk-row stk-inner-blocks stk-block-content stk-content-align stk-66400c1-column alignfull\">\n<div class=\"wp-block-stackable-column stk-block-column stk-column stk-block stk-346a306\" data-v=\"4\" data-block-id=\"346a306\"><style>.stk-346a306-container{margin-top:0px !important;margin-right:0px !important;margin-bottom:0px !important;margin-left:0px !important;}<\/style><div class=\"stk-column-wrapper stk-block-column__content stk-container stk-346a306-container stk--no-background stk--no-padding\"><div class=\"stk-block-content stk-inner-blocks stk-346a306-inner-blocks\">\n<div class=\"wp-block-cover alignfull is-light cover-container\" style=\"padding-top:0;padding-right:0;padding-bottom:0;padding-left:0;min-height:50px;aspect-ratio:unset;\"><span aria-hidden=\"true\" class=\"wp-block-cover__background has-palette-color-1-background-color has-background-dim-0 has-background-dim\"><\/span><div class=\"wp-block-cover__inner-container is-layout-flow wp-block-cover-is-layout-flow\">\n<div class=\"cover-container min-h-300\">\n    <div class=\"bg-cover\"><\/div>\n    <div class=\"image-cover\"><\/div>\n    <div class=\"overlay\"><\/div>\n    <div class=\"content\">\n        <div data-block=\"hook:112\" class=\"alignfull\"><article id=\"post-112\" class=\"post-112\"><div class=\"entry-content is-layout-constrained\">\n<div class=\"wp-block-columns content is-layout-flex wp-container-core-columns-is-layout-28232c24 wp-block-columns-is-layout-flex\">\n<div class=\"wp-block-column is-vertically-aligned-center is-layout-flow wp-block-column-is-layout-flow\" style=\"padding-right:0;padding-left:0\">\n<h3 class=\"wp-block-heading has-palette-color-9-color has-text-color has-link-color wp-elements-3c044d5309e7d5d832b1a9692dedcfc1\">Nous nous concentrons sur la s\u00e9lection du meilleur compromis co\u00fbt\/b\u00e9n\u00e9fice pour chaque instrument financier tout en garantissant l\u2019absence de conflits d\u2019int\u00e9r\u00eats. Notre engagement envers la transparence signifie que nous choisissons exclusivement des investissements align\u00e9s sur vos objectifs et aspirations.<\/h3>\n<\/div>\n<\/div>\n<\/div><\/article><\/div>\n    <\/div>\n<\/div>\n<\/div><\/div>\n<\/div><\/div><\/div>\n<\/div><\/div>\n\n\n\n<div class=\"wp-block-stackable-columns alignfull stk-block-columns stk--hide-desktop stk-block stk-da19ba3\" data-block-id=\"da19ba3\"><style>.stk-da19ba3 {margin-top:0px !important;margin-bottom:0px !important;}@media screen and (max-width:999px){.stk-da19ba3 {margin-top:0px !important;margin-bottom:0px !important;}}@media screen and (max-width:689px){.stk-da19ba3 {margin-top:0px !important;margin-bottom:0px !important;}}<\/style><div class=\"stk-row stk-inner-blocks stk-block-content stk-content-align stk-da19ba3-column alignfull\">\n<div class=\"wp-block-stackable-column stk-block-column stk-column stk-block stk-8b7e86a\" data-v=\"4\" data-block-id=\"8b7e86a\"><style>.stk-8b7e86a-container{margin-top:0px !important;margin-right:0px !important;margin-bottom:0px !important;margin-left:0px !important;}<\/style><div class=\"stk-column-wrapper stk-block-column__content stk-container stk-8b7e86a-container stk--no-background stk--no-padding\"><div class=\"stk-block-content stk-inner-blocks stk-8b7e86a-inner-blocks\">\n<div class=\"wp-block-cover alignfull is-light cover-container\" style=\"padding-top:0;padding-right:0;padding-bottom:0;padding-left:0;min-height:400px;aspect-ratio:unset;\"><span aria-hidden=\"true\" class=\"wp-block-cover__background has-palette-color-1-background-color has-background-dim-0 has-background-dim\"><\/span><div class=\"wp-block-cover__inner-container is-layout-flow wp-block-cover-is-layout-flow\">\n<div class=\"cover-container min-h-400\">\n    <div class=\"bg-cover\"><\/div>\n    <div class=\"image-cover\"><\/div>\n    <div class=\"overlay\"><\/div>\n    <div class=\"content\">\n        <div data-block=\"hook:112\" class=\"alignfull\"><article id=\"post-112\" class=\"post-112\"><div class=\"entry-content is-layout-constrained\">\n<div class=\"wp-block-columns content is-layout-flex wp-container-core-columns-is-layout-28232c24 wp-block-columns-is-layout-flex\">\n<div class=\"wp-block-column is-vertically-aligned-center is-layout-flow wp-block-column-is-layout-flow\" style=\"padding-right:0;padding-left:0\">\n<h3 class=\"wp-block-heading has-palette-color-9-color has-text-color has-link-color wp-elements-3c044d5309e7d5d832b1a9692dedcfc1\">Nous nous concentrons sur la s\u00e9lection du meilleur compromis co\u00fbt\/b\u00e9n\u00e9fice pour chaque instrument financier tout en garantissant l\u2019absence de conflits d\u2019int\u00e9r\u00eats. Notre engagement envers la transparence signifie que nous choisissons exclusivement des investissements align\u00e9s sur vos objectifs et aspirations.<\/h3>\n<\/div>\n<\/div>\n<\/div><\/article><\/div>\n    <\/div>\n<\/div>\n<\/div><\/div>\n<\/div><\/div><\/div>\n<\/div><\/div>\n\n\n\n<div class=\"wp-block-cover alignfull is-light is-repeated pattern-gradient-shadow-to-right\" style=\"margin-top:0;margin-bottom:0;padding-top:var(--wp--preset--spacing--70);padding-bottom:var(--wp--preset--spacing--70);min-height:50px;aspect-ratio:unset;\"><span aria-hidden=\"true\" class=\"wp-block-cover__background has-palette-color-8-background-color has-background-dim-0 has-background-dim\"><\/span><div class=\"wp-block-cover__image-background wp-image-86 is-repeated\" style=\"background-position:50% 50%;background-image:url(https:\/\/geneva-am.com\/fr\/wp-content\/uploads\/sites\/3\/2024\/11\/pattern-oro-piccolo-1.svg)\"><\/div><div class=\"wp-block-cover__inner-container is-layout-constrained wp-block-cover-is-layout-constrained\">\n<div class=\"wp-block-columns is-layout-flex wp-container-core-columns-is-layout-643ced6b wp-block-columns-is-layout-flex\">\n<div class=\"wp-block-column is-vertically-aligned-center is-layout-flow wp-block-column-is-layout-flow\">\n<h3 class=\"wp-block-heading has-48-font-size has-palette-color-1-color has-text-color has-link-color wp-elements-efc9409a5679e3574147be1d930bab9b\">Expertise en architecture ouverte<\/h3>\n\n\n\n<p class=\"has-24-font-size\">Nous reconnaissons que le paysage des investissements est diversifi\u00e9. Pour vous garantir les meilleures solutions, nous collaborons avec des experts de confiance dans des domaines sp\u00e9cialis\u00e9s tels que les produits structur\u00e9s, la gestion alternative et l\u2019immobilier.<\/p>\n\n\n\n<p class=\"has-24-font-size\">Notre r\u00e9seau de collaborateurs nous permet d\u2019acc\u00e9der \u00e0 l\u2019expertise adapt\u00e9e \u00e0 votre situation unique.<br><\/p>\n<\/div>\n<\/div>\n<\/div><\/div>\n","protected":false},"excerpt":{"rendered":"","protected":false},"author":1,"featured_media":0,"parent":31,"menu_order":0,"comment_status":"closed","ping_status":"closed","template":"","meta":{"ngg_post_thumbnail":0,"_jet_sm_ready_style":"","_jet_sm_style":"","_jet_sm_controls_values":"","_jet_sm_fonts_collection":"","_jet_sm_fonts_links":"","footnotes":""},"class_list":["post-39","page","type-page","status-publish","hentry"],"blocksy_meta":{"vertical_spacing_source":"custom","content_area_spacing":"bottom","styles_descriptor":{"styles":{"desktop":"","tablet":"","mobile":""},"google_fonts":[],"version":6}},"_links":{"self":[{"href":"https:\/\/geneva-am.com\/fr\/wp-json\/wp\/v2\/pages\/39","targetHints":{"allow":["GET"]}}],"collection":[{"href":"https:\/\/geneva-am.com\/fr\/wp-json\/wp\/v2\/pages"}],"about":[{"href":"https:\/\/geneva-am.com\/fr\/wp-json\/wp\/v2\/types\/page"}],"author":[{"embeddable":true,"href":"https:\/\/geneva-am.com\/fr\/wp-json\/wp\/v2\/users\/1"}],"replies":[{"embeddable":true,"href":"https:\/\/geneva-am.com\/fr\/wp-json\/wp\/v2\/comments?post=39"}],"version-history":[{"count":6,"href":"https:\/\/geneva-am.com\/fr\/wp-json\/wp\/v2\/pages\/39\/revisions"}],"predecessor-version":[{"id":423,"href":"https:\/\/geneva-am.com\/fr\/wp-json\/wp\/v2\/pages\/39\/revisions\/423"}],"up":[{"embeddable":true,"href":"https:\/\/geneva-am.com\/fr\/wp-json\/wp\/v2\/pages\/31"}],"wp:attachment":[{"href":"https:\/\/geneva-am.com\/fr\/wp-json\/wp\/v2\/media?parent=39"}],"curies":[{"name":"wp","href":"https:\/\/api.w.org\/{rel}","templated":true}]}}