{"id":43,"date":"2024-11-25T12:07:46","date_gmt":"2024-11-25T11:07:46","guid":{"rendered":"https:\/\/geneva-am.com\/fr\/?page_id=43"},"modified":"2025-02-06T13:09:09","modified_gmt":"2025-02-06T12:09:09","slug":"family-office","status":"publish","type":"page","link":"https:\/\/geneva-am.com\/fr\/nos-services\/family-office\/","title":{"rendered":"Family Office"},"content":{"rendered":"\n<div class=\"wp-block-cover alignfull is-light is-repeated pattern-gradient-shadow-to-right\" style=\"margin-top:0;margin-bottom:0;padding-top:var(--wp--preset--spacing--80);padding-bottom:var(--wp--preset--spacing--70);min-height:620px;aspect-ratio:unset;\"><span aria-hidden=\"true\" class=\"wp-block-cover__background has-palette-color-8-background-color has-background-dim-0 has-background-dim\"><\/span><div class=\"wp-block-cover__image-background wp-image-86 is-repeated\" style=\"background-position:50% 50%;background-image:url(https:\/\/geneva-am.com\/fr\/wp-content\/uploads\/sites\/3\/2024\/11\/pattern-oro-piccolo-1.svg)\"><\/div><div class=\"wp-block-cover__inner-container is-layout-constrained wp-block-cover-is-layout-constrained\">\n<div class=\"wp-block-group is-layout-constrained wp-block-group-is-layout-constrained\"><h1 class=\"has-text-align-center has-link-color wp-elements-483c783525a75b3320fc677f56041fea wp-block-post-title has-text-color has-palette-color-1-color\">Family Office<\/h1>\n\n\n<p class=\"has-text-align-center\">En plus de la gestion de patrimoine, qui constitue le fondement de notre activit\u00e9, nos services de Family Office proposent une gamme diversifi\u00e9e de solutions sur mesure pour r\u00e9pondre aux besoins sp\u00e9cifiques de nos clients.<\/p>\n<\/div>\n\n\n\n<div class=\"wp-block-group is-layout-constrained wp-container-core-group-is-layout-c5ef5625 wp-block-group-is-layout-constrained\" style=\"margin-top:var(--wp--preset--spacing--60)\">\n<div class=\"wp-block-columns content is-layout-flex wp-container-core-columns-is-layout-076b8e0d wp-block-columns-is-layout-flex\">\n<div class=\"wp-block-column is-vertically-aligned-center is-layout-flow wp-block-column-is-layout-flow\" style=\"padding-top:0;padding-right:0;padding-bottom:0;padding-left:0;flex-basis:50%\">\n<figure class=\"wp-block-image size-full is-resized\"><img decoding=\"async\" width=\"1920\" height=\"1080\" src=\"https:\/\/geneva-am.com\/fr\/wp-content\/uploads\/sites\/3\/2024\/12\/Estate-and-Succession-Planning.webp\" alt=\"\" class=\"wp-image-323\" style=\"object-fit:cover;width:600px;height:300px\" srcset=\"https:\/\/geneva-am.com\/fr\/wp-content\/uploads\/sites\/3\/2024\/12\/Estate-and-Succession-Planning.webp 1920w, https:\/\/geneva-am.com\/fr\/wp-content\/uploads\/sites\/3\/2024\/12\/Estate-and-Succession-Planning-300x169.webp 300w, https:\/\/geneva-am.com\/fr\/wp-content\/uploads\/sites\/3\/2024\/12\/Estate-and-Succession-Planning-1024x576.webp 1024w, https:\/\/geneva-am.com\/fr\/wp-content\/uploads\/sites\/3\/2024\/12\/Estate-and-Succession-Planning-768x432.webp 768w, https:\/\/geneva-am.com\/fr\/wp-content\/uploads\/sites\/3\/2024\/12\/Estate-and-Succession-Planning-1536x864.webp 1536w\" sizes=\"(max-width: 1920px) 100vw, 1920px\" \/><\/figure>\n<\/div>\n\n\n\n<div class=\"wp-block-column is-vertically-aligned-center is-layout-flow wp-block-column-is-layout-flow\" style=\"padding-top:0;padding-right:0;padding-bottom:0;padding-left:0;flex-basis:50%\">\n<h3 class=\"wp-block-heading has-palette-color-1-color has-text-color has-link-color wp-elements-7a31f398d9bf3470a544266f72857228\" style=\"margin-top:0;margin-bottom:var(--wp--preset--spacing--30)\">Planification Successorale et Patrimoniale<\/h3>\n\n\n\n<p style=\"margin-top:0;margin-bottom:0\">Nous nous engageons \u00e0 prot\u00e9ger, pr\u00e9server et transf\u00e9rer efficacement votre patrimoine conform\u00e9ment \u00e0 vos souhaits. Nous vous conseillons en mati\u00e8re de planification successorale et de strat\u00e9gies de p\u00e9rennit\u00e9 des entreprises. Nous utilisons une vari\u00e9t\u00e9 de solutions personnalis\u00e9es, telles que les trusts, les fondations, les holdings, les assurances-vie et les strat\u00e9gies de relocation, pour atteindre vos objectifs.<\/p>\n<\/div>\n<\/div>\n\n\n\n<div class=\"wp-block-columns content reverse is-layout-flex wp-container-core-columns-is-layout-076b8e0d wp-block-columns-is-layout-flex\">\n<div class=\"wp-block-column is-vertically-aligned-center is-layout-flow wp-block-column-is-layout-flow\" style=\"padding-top:0;padding-right:0;padding-bottom:0;padding-left:0;flex-basis:50%\">\n<h3 class=\"wp-block-heading has-palette-color-1-color has-text-color has-link-color wp-elements-e105f83b839ad671b0009be96c00bea6\" style=\"margin-top:0;margin-bottom:var(--wp--preset--spacing--30)\">Gouvernance Familiale<\/h3>\n\n\n\n<p style=\"margin-top:0;margin-bottom:0\">Nous soutenons le d\u00e9veloppement de strat\u00e9gies efficaces pour prot\u00e9ger et faire fructifier la richesse familiale \u00e0 travers les g\u00e9n\u00e9rations, en maintenant une stricte confidentialit\u00e9 dans tous les aspects de la gestion de patrimoine. Nous proposons des plans complets pour assurer une transmission de patrimoine fluide au sein des familles, en organisant des r\u00e9unions de famille et en offrant des services de m\u00e9diation. Nos solutions de gouvernance familiale sont con\u00e7ues pour \u00e9tablir des structures de gouvernance familiale solides afin de maintenir l&rsquo;harmonie entre les membres de la famille.<\/p>\n<\/div>\n\n\n\n<div class=\"wp-block-column is-vertically-aligned-center is-layout-flow wp-block-column-is-layout-flow\" style=\"padding-top:0;padding-right:0;padding-bottom:0;padding-left:0;flex-basis:50%\">\n<figure class=\"wp-block-image size-full is-resized\"><img decoding=\"async\" width=\"1920\" height=\"1080\" src=\"https:\/\/geneva-am.com\/fr\/wp-content\/uploads\/sites\/3\/2024\/12\/Family-Governance.webp\" alt=\"\" class=\"wp-image-324\" style=\"object-fit:cover;width:600px;height:300px\" srcset=\"https:\/\/geneva-am.com\/fr\/wp-content\/uploads\/sites\/3\/2024\/12\/Family-Governance.webp 1920w, https:\/\/geneva-am.com\/fr\/wp-content\/uploads\/sites\/3\/2024\/12\/Family-Governance-300x169.webp 300w, https:\/\/geneva-am.com\/fr\/wp-content\/uploads\/sites\/3\/2024\/12\/Family-Governance-1024x576.webp 1024w, https:\/\/geneva-am.com\/fr\/wp-content\/uploads\/sites\/3\/2024\/12\/Family-Governance-768x432.webp 768w, https:\/\/geneva-am.com\/fr\/wp-content\/uploads\/sites\/3\/2024\/12\/Family-Governance-1536x864.webp 1536w\" sizes=\"(max-width: 1920px) 100vw, 1920px\" \/><\/figure>\n<\/div>\n<\/div>\n\n\n\n<div class=\"wp-block-columns content is-layout-flex wp-container-core-columns-is-layout-076b8e0d wp-block-columns-is-layout-flex\">\n<div class=\"wp-block-column is-vertically-aligned-center is-layout-flow wp-block-column-is-layout-flow\" style=\"padding-top:0;padding-right:0;padding-bottom:0;padding-left:0;flex-basis:50%\">\n<figure class=\"wp-block-image size-full is-resized\"><img decoding=\"async\" width=\"1920\" height=\"1080\" src=\"https:\/\/geneva-am.com\/fr\/wp-content\/uploads\/sites\/3\/2024\/12\/Business-Development-Advisory.webp\" alt=\"\" class=\"wp-image-325\" style=\"object-fit:cover;width:600px;height:300px\" srcset=\"https:\/\/geneva-am.com\/fr\/wp-content\/uploads\/sites\/3\/2024\/12\/Business-Development-Advisory.webp 1920w, https:\/\/geneva-am.com\/fr\/wp-content\/uploads\/sites\/3\/2024\/12\/Business-Development-Advisory-300x169.webp 300w, https:\/\/geneva-am.com\/fr\/wp-content\/uploads\/sites\/3\/2024\/12\/Business-Development-Advisory-1024x576.webp 1024w, https:\/\/geneva-am.com\/fr\/wp-content\/uploads\/sites\/3\/2024\/12\/Business-Development-Advisory-768x432.webp 768w, https:\/\/geneva-am.com\/fr\/wp-content\/uploads\/sites\/3\/2024\/12\/Business-Development-Advisory-1536x864.webp 1536w\" sizes=\"(max-width: 1920px) 100vw, 1920px\" \/><\/figure>\n<\/div>\n\n\n\n<div class=\"wp-block-column is-vertically-aligned-center is-layout-flow wp-block-column-is-layout-flow\" style=\"padding-top:0;padding-right:0;padding-bottom:0;padding-left:0;flex-basis:50%\">\n<h3 class=\"wp-block-heading has-palette-color-1-color has-text-color has-link-color wp-elements-bc4276f3b0c0e4e09a1d7e6c9c499ecd\" style=\"margin-top:0;margin-bottom:var(--wp--preset--spacing--30)\">Conseil en D\u00e9veloppement d&rsquo;Affaires<\/h3>\n\n\n\n<p style=\"margin-top:0;margin-bottom:0\">Nous fournissons des conseils d&rsquo;experts en d\u00e9veloppement d&rsquo;entreprise avec des solutions personnalis\u00e9es pour r\u00e9pondre aux besoins uniques de chaque membre de la famille, allant de la cr\u00e9ation d&rsquo;entreprise et des transferts d&rsquo;entreprise aux projets immobiliers et au financement. Nous assistons \u00e9galement dans la recherche de partenaires et offrons un acc\u00e8s \u00e0 des opportunit\u00e9s d&rsquo;investissement mondiales et \u00e0 une expertise transfrontali\u00e8re, en tirant \u00e9galement parti de notre vaste r\u00e9seau de contacts professionnels.<\/p>\n<\/div>\n<\/div>\n<\/div>\n<\/div><\/div>\n\n\n\n<div class=\"wp-block-stackable-columns alignfull stk-block-columns stk--hide-tablet stk--hide-mobile stk-block stk-66400c1\" data-block-id=\"66400c1\"><style>.stk-66400c1 {margin-top:0px !important;margin-bottom:0px !important;}@media screen and (max-width:689px){.stk-66400c1 {margin-bottom:0px !important;}}<\/style><div class=\"stk-row stk-inner-blocks stk-block-content stk-content-align stk-66400c1-column alignfull\">\n<div class=\"wp-block-stackable-column stk-block-column stk-column stk-block stk-346a306\" data-v=\"4\" data-block-id=\"346a306\"><style>.stk-346a306-container{margin-top:0px !important;margin-right:0px !important;margin-bottom:0px !important;margin-left:0px !important;}<\/style><div class=\"stk-column-wrapper stk-block-column__content stk-container stk-346a306-container stk--no-background stk--no-padding\"><div class=\"stk-block-content stk-inner-blocks stk-346a306-inner-blocks\">\n<div class=\"wp-block-cover alignfull is-light cover-container\" style=\"padding-top:0;padding-right:0;padding-bottom:0;padding-left:0;min-height:50px;aspect-ratio:unset;\"><span aria-hidden=\"true\" class=\"wp-block-cover__background has-palette-color-1-background-color has-background-dim-0 has-background-dim\"><\/span><div class=\"wp-block-cover__inner-container is-layout-flow wp-block-cover-is-layout-flow\">\n<div class=\"cover-container py-8\">\n    <div class=\"bg-cover\"><\/div>\n    <div class=\"image-cover\"><\/div>\n    <div class=\"overlay\"><\/div>\n    <div class=\"content\">\n        <div data-block=\"hook:118\" class=\"alignfull\"><article id=\"post-118\" class=\"post-118\"><div class=\"entry-content is-layout-constrained\">\n<div class=\"wp-block-columns content reverse is-layout-flex wp-container-core-columns-is-layout-076b8e0d wp-block-columns-is-layout-flex\">\n<div class=\"wp-block-column is-vertically-aligned-center is-layout-flow wp-block-column-is-layout-flow\" style=\"padding-top:0;padding-right:0;padding-bottom:0;padding-left:0;flex-basis:50%\">\n<h3 class=\"wp-block-heading has-palette-color-9-color has-text-color has-link-color wp-elements-12cda4ff66b48d5759785987b5995528\" style=\"margin-top:0;margin-bottom:var(--wp--preset--spacing--30)\">Gestion du Style de Vie<\/h3>\n\n\n\n<p class=\"has-palette-color-8-color has-text-color has-link-color wp-elements-61943fe2ba81d89672a701bf1dd6e496\" style=\"margin-top:0;margin-bottom:0\">Nos services complets d'assistance personnelle r\u00e9pondent \u00e0 vos besoins quotidiens en offrant des services de conciergerie aux membres de votre famille, tels que la planification de voyages, la gestion de propri\u00e9t\u00e9s et la s\u00e9curit\u00e9. De la gestion des paiements de factures, de la correspondance et de l'entretien de r\u00e9sidences secondaires \u00e0 la fourniture de services de chauffeur et \u00e0 la facilitation des inscriptions scolaires \u00e0 l'\u00e9tranger, nous veillons \u00e0 ce que chaque aspect de votre vie personnelle soit g\u00e9r\u00e9 de mani\u00e8re transparente. Nous pouvons \u00e9galement vous conseiller en mati\u00e8re d'investissement dans l'art et les objets de collection.<\/p>\n<\/div>\n\n\n\n<div class=\"wp-block-column is-vertically-aligned-center is-layout-flow wp-block-column-is-layout-flow\" style=\"padding-top:0;padding-right:0;padding-bottom:0;padding-left:0;flex-basis:50%\">\n<figure class=\"wp-block-image size-full is-resized\"><img decoding=\"async\" width=\"1920\" height=\"1080\" src=\"https:\/\/geneva-am.com\/fr\/wp-content\/uploads\/sites\/3\/2024\/11\/Life-Style.webp\" alt=\"\" class=\"wp-image-327\" style=\"object-fit:cover;width:600px;height:300px\" srcset=\"https:\/\/geneva-am.com\/fr\/wp-content\/uploads\/sites\/3\/2024\/11\/Life-Style.webp 1920w, https:\/\/geneva-am.com\/fr\/wp-content\/uploads\/sites\/3\/2024\/11\/Life-Style-300x169.webp 300w, https:\/\/geneva-am.com\/fr\/wp-content\/uploads\/sites\/3\/2024\/11\/Life-Style-1024x576.webp 1024w, https:\/\/geneva-am.com\/fr\/wp-content\/uploads\/sites\/3\/2024\/11\/Life-Style-768x432.webp 768w, https:\/\/geneva-am.com\/fr\/wp-content\/uploads\/sites\/3\/2024\/11\/Life-Style-1536x864.webp 1536w\" sizes=\"(max-width: 1920px) 100vw, 1920px\" \/><\/figure>\n<\/div>\n<\/div>\n\n\n\n<div style=\"height:24px\" aria-hidden=\"true\" class=\"wp-block-spacer\"><\/div>\n\n\n\n<div class=\"wp-block-columns content is-layout-flex wp-container-core-columns-is-layout-076b8e0d wp-block-columns-is-layout-flex\">\n<div class=\"wp-block-column is-vertically-aligned-center is-layout-flow wp-block-column-is-layout-flow\" style=\"padding-top:0;padding-right:0;padding-bottom:0;padding-left:0;flex-basis:50%\">\n<figure class=\"wp-block-image size-full is-resized\"><img decoding=\"async\" width=\"1920\" height=\"1281\" src=\"https:\/\/geneva-am.com\/fr\/wp-content\/uploads\/sites\/3\/2024\/11\/Charitable-and-Philanthropic-Activities.webp\" alt=\"\" class=\"wp-image-328\" style=\"object-fit:cover;width:600px;height:300px\" srcset=\"https:\/\/geneva-am.com\/fr\/wp-content\/uploads\/sites\/3\/2024\/11\/Charitable-and-Philanthropic-Activities.webp 1920w, https:\/\/geneva-am.com\/fr\/wp-content\/uploads\/sites\/3\/2024\/11\/Charitable-and-Philanthropic-Activities-300x200.webp 300w, https:\/\/geneva-am.com\/fr\/wp-content\/uploads\/sites\/3\/2024\/11\/Charitable-and-Philanthropic-Activities-1024x683.webp 1024w, https:\/\/geneva-am.com\/fr\/wp-content\/uploads\/sites\/3\/2024\/11\/Charitable-and-Philanthropic-Activities-768x512.webp 768w, https:\/\/geneva-am.com\/fr\/wp-content\/uploads\/sites\/3\/2024\/11\/Charitable-and-Philanthropic-Activities-1536x1025.webp 1536w\" sizes=\"(max-width: 1920px) 100vw, 1920px\" \/><\/figure>\n<\/div>\n\n\n\n<div class=\"wp-block-column is-vertically-aligned-center is-layout-flow wp-block-column-is-layout-flow\" style=\"padding-top:0;padding-right:0;padding-bottom:0;padding-left:0;flex-basis:50%\">\n<h3 class=\"wp-block-heading has-palette-color-9-color has-text-color has-link-color wp-elements-1d3a34a0b8d66f3499872ea06604f44e\" style=\"margin-top:0;margin-bottom:var(--wp--preset--spacing--30)\">Activit\u00e9s Caritatives et Philanthropiques<\/h3>\n\n\n\n<p class=\"has-palette-color-8-color has-text-color has-link-color wp-elements-96a95ebd64c28e21b81bfa86ae98322b\" style=\"margin-top:0;margin-bottom:0\">Pour les clients souhaitant laisser un impact durable, nous assistons \u00e0 la cr\u00e9ation d'organisations \u00e0 but non lucratif, de fiducies et de fondations caritatives d'utilit\u00e9 publique investissant dans des entreprises et des organisations ayant un impact social et environnemental positif. Nous aidons \u00e9galement \u00e0 organiser des \u00e9v\u00e9nements pour promouvoir vos initiatives philanthropiques et assurer leur succ\u00e8s.<\/p>\n<\/div>\n<\/div>\n<\/div><\/article><\/div>\n    <\/div>\n<\/div>\n<\/div><\/div>\n<\/div><\/div><\/div>\n<\/div><\/div>\n\n\n\n<div class=\"wp-block-stackable-columns alignfull stk-block-columns stk--hide-desktop stk-block stk-da19ba3\" data-block-id=\"da19ba3\"><style>.stk-da19ba3 {margin-top:0px !important;margin-bottom:0px !important;}@media screen and (max-width:999px){.stk-da19ba3 {margin-top:0px !important;margin-bottom:0px !important;}}@media screen and (max-width:689px){.stk-da19ba3 {margin-top:0px !important;margin-bottom:0px !important;}}<\/style><div class=\"stk-row stk-inner-blocks stk-block-content stk-content-align stk-da19ba3-column alignfull\">\n<div class=\"wp-block-stackable-column stk-block-column stk-column stk-block stk-8b7e86a\" data-v=\"4\" data-block-id=\"8b7e86a\"><style>.stk-8b7e86a-container{margin-top:0px !important;margin-right:0px !important;margin-bottom:0px !important;margin-left:0px !important;}<\/style><div class=\"stk-column-wrapper stk-block-column__content stk-container stk-8b7e86a-container stk--no-background stk--no-padding\"><div class=\"stk-block-content stk-inner-blocks stk-8b7e86a-inner-blocks\">\n<div class=\"wp-block-cover alignfull is-light cover-container\" style=\"padding-top:0;padding-right:0;padding-bottom:0;padding-left:0;min-height:400px;aspect-ratio:unset;\"><span aria-hidden=\"true\" class=\"wp-block-cover__background has-palette-color-1-background-color has-background-dim-0 has-background-dim\"><\/span><div class=\"wp-block-cover__inner-container is-layout-flow wp-block-cover-is-layout-flow\">\n<div class=\"cover-container min-h-full py-8\">\n    <div class=\"bg-cover\"><\/div>\n    <div class=\"image-cover\"><\/div>\n    <div class=\"overlay\"><\/div>\n    <div class=\"content\">\n        <div data-block=\"hook:118\" class=\"alignfull\"><article id=\"post-118\" class=\"post-118\"><div class=\"entry-content is-layout-constrained\">\n<div class=\"wp-block-columns content reverse is-layout-flex wp-container-core-columns-is-layout-076b8e0d wp-block-columns-is-layout-flex\">\n<div class=\"wp-block-column is-vertically-aligned-center is-layout-flow wp-block-column-is-layout-flow\" style=\"padding-top:0;padding-right:0;padding-bottom:0;padding-left:0;flex-basis:50%\">\n<h3 class=\"wp-block-heading has-palette-color-9-color has-text-color has-link-color wp-elements-12cda4ff66b48d5759785987b5995528\" style=\"margin-top:0;margin-bottom:var(--wp--preset--spacing--30)\">Gestion du Style de Vie<\/h3>\n\n\n\n<p class=\"has-palette-color-8-color has-text-color has-link-color wp-elements-61943fe2ba81d89672a701bf1dd6e496\" style=\"margin-top:0;margin-bottom:0\">Nos services complets d'assistance personnelle r\u00e9pondent \u00e0 vos besoins quotidiens en offrant des services de conciergerie aux membres de votre famille, tels que la planification de voyages, la gestion de propri\u00e9t\u00e9s et la s\u00e9curit\u00e9. De la gestion des paiements de factures, de la correspondance et de l'entretien de r\u00e9sidences secondaires \u00e0 la fourniture de services de chauffeur et \u00e0 la facilitation des inscriptions scolaires \u00e0 l'\u00e9tranger, nous veillons \u00e0 ce que chaque aspect de votre vie personnelle soit g\u00e9r\u00e9 de mani\u00e8re transparente. Nous pouvons \u00e9galement vous conseiller en mati\u00e8re d'investissement dans l'art et les objets de collection.<\/p>\n<\/div>\n\n\n\n<div class=\"wp-block-column is-vertically-aligned-center is-layout-flow wp-block-column-is-layout-flow\" style=\"padding-top:0;padding-right:0;padding-bottom:0;padding-left:0;flex-basis:50%\">\n<figure class=\"wp-block-image size-full is-resized\"><img decoding=\"async\" width=\"1920\" height=\"1080\" src=\"https:\/\/geneva-am.com\/fr\/wp-content\/uploads\/sites\/3\/2024\/11\/Life-Style.webp\" alt=\"\" class=\"wp-image-327\" style=\"object-fit:cover;width:600px;height:300px\" srcset=\"https:\/\/geneva-am.com\/fr\/wp-content\/uploads\/sites\/3\/2024\/11\/Life-Style.webp 1920w, https:\/\/geneva-am.com\/fr\/wp-content\/uploads\/sites\/3\/2024\/11\/Life-Style-300x169.webp 300w, https:\/\/geneva-am.com\/fr\/wp-content\/uploads\/sites\/3\/2024\/11\/Life-Style-1024x576.webp 1024w, https:\/\/geneva-am.com\/fr\/wp-content\/uploads\/sites\/3\/2024\/11\/Life-Style-768x432.webp 768w, https:\/\/geneva-am.com\/fr\/wp-content\/uploads\/sites\/3\/2024\/11\/Life-Style-1536x864.webp 1536w\" sizes=\"(max-width: 1920px) 100vw, 1920px\" \/><\/figure>\n<\/div>\n<\/div>\n\n\n\n<div style=\"height:24px\" aria-hidden=\"true\" class=\"wp-block-spacer\"><\/div>\n\n\n\n<div class=\"wp-block-columns content is-layout-flex wp-container-core-columns-is-layout-076b8e0d wp-block-columns-is-layout-flex\">\n<div class=\"wp-block-column is-vertically-aligned-center is-layout-flow wp-block-column-is-layout-flow\" style=\"padding-top:0;padding-right:0;padding-bottom:0;padding-left:0;flex-basis:50%\">\n<figure class=\"wp-block-image size-full is-resized\"><img decoding=\"async\" width=\"1920\" height=\"1281\" src=\"https:\/\/geneva-am.com\/fr\/wp-content\/uploads\/sites\/3\/2024\/11\/Charitable-and-Philanthropic-Activities.webp\" alt=\"\" class=\"wp-image-328\" style=\"object-fit:cover;width:600px;height:300px\" srcset=\"https:\/\/geneva-am.com\/fr\/wp-content\/uploads\/sites\/3\/2024\/11\/Charitable-and-Philanthropic-Activities.webp 1920w, https:\/\/geneva-am.com\/fr\/wp-content\/uploads\/sites\/3\/2024\/11\/Charitable-and-Philanthropic-Activities-300x200.webp 300w, https:\/\/geneva-am.com\/fr\/wp-content\/uploads\/sites\/3\/2024\/11\/Charitable-and-Philanthropic-Activities-1024x683.webp 1024w, https:\/\/geneva-am.com\/fr\/wp-content\/uploads\/sites\/3\/2024\/11\/Charitable-and-Philanthropic-Activities-768x512.webp 768w, https:\/\/geneva-am.com\/fr\/wp-content\/uploads\/sites\/3\/2024\/11\/Charitable-and-Philanthropic-Activities-1536x1025.webp 1536w\" sizes=\"(max-width: 1920px) 100vw, 1920px\" \/><\/figure>\n<\/div>\n\n\n\n<div class=\"wp-block-column is-vertically-aligned-center is-layout-flow wp-block-column-is-layout-flow\" style=\"padding-top:0;padding-right:0;padding-bottom:0;padding-left:0;flex-basis:50%\">\n<h3 class=\"wp-block-heading has-palette-color-9-color has-text-color has-link-color wp-elements-1d3a34a0b8d66f3499872ea06604f44e\" style=\"margin-top:0;margin-bottom:var(--wp--preset--spacing--30)\">Activit\u00e9s Caritatives et Philanthropiques<\/h3>\n\n\n\n<p class=\"has-palette-color-8-color has-text-color has-link-color wp-elements-96a95ebd64c28e21b81bfa86ae98322b\" style=\"margin-top:0;margin-bottom:0\">Pour les clients souhaitant laisser un impact durable, nous assistons \u00e0 la cr\u00e9ation d'organisations \u00e0 but non lucratif, de fiducies et de fondations caritatives d'utilit\u00e9 publique investissant dans des entreprises et des organisations ayant un impact social et environnemental positif. Nous aidons \u00e9galement \u00e0 organiser des \u00e9v\u00e9nements pour promouvoir vos initiatives philanthropiques et assurer leur succ\u00e8s.<\/p>\n<\/div>\n<\/div>\n<\/div><\/article><\/div>\n    <\/div>\n<\/div>\n<\/div><\/div>\n<\/div><\/div><\/div>\n<\/div><\/div>\n","protected":false},"excerpt":{"rendered":"","protected":false},"author":1,"featured_media":0,"parent":31,"menu_order":0,"comment_status":"closed","ping_status":"closed","template":"","meta":{"ngg_post_thumbnail":0,"_jet_sm_ready_style":"","_jet_sm_style":"","_jet_sm_controls_values":"","_jet_sm_fonts_collection":"","_jet_sm_fonts_links":"","footnotes":""},"class_list":["post-43","page","type-page","status-publish","hentry"],"blocksy_meta":{"vertical_spacing_source":"custom","content_area_spacing":"bottom","styles_descriptor":{"styles":{"desktop":"","tablet":"","mobile":""},"google_fonts":[],"version":6}},"_links":{"self":[{"href":"https:\/\/geneva-am.com\/fr\/wp-json\/wp\/v2\/pages\/43","targetHints":{"allow":["GET"]}}],"collection":[{"href":"https:\/\/geneva-am.com\/fr\/wp-json\/wp\/v2\/pages"}],"about":[{"href":"https:\/\/geneva-am.com\/fr\/wp-json\/wp\/v2\/types\/page"}],"author":[{"embeddable":true,"href":"https:\/\/geneva-am.com\/fr\/wp-json\/wp\/v2\/users\/1"}],"replies":[{"embeddable":true,"href":"https:\/\/geneva-am.com\/fr\/wp-json\/wp\/v2\/comments?post=43"}],"version-history":[{"count":6,"href":"https:\/\/geneva-am.com\/fr\/wp-json\/wp\/v2\/pages\/43\/revisions"}],"predecessor-version":[{"id":373,"href":"https:\/\/geneva-am.com\/fr\/wp-json\/wp\/v2\/pages\/43\/revisions\/373"}],"up":[{"embeddable":true,"href":"https:\/\/geneva-am.com\/fr\/wp-json\/wp\/v2\/pages\/31"}],"wp:attachment":[{"href":"https:\/\/geneva-am.com\/fr\/wp-json\/wp\/v2\/media?parent=43"}],"curies":[{"name":"wp","href":"https:\/\/api.w.org\/{rel}","templated":true}]}}