{"id":49,"date":"2024-11-25T12:11:28","date_gmt":"2024-11-25T11:11:28","guid":{"rendered":"https:\/\/geneva-am.com\/fr\/?page_id=49"},"modified":"2025-02-06T13:08:10","modified_gmt":"2025-02-06T12:08:10","slug":"informations-legales","status":"publish","type":"page","link":"https:\/\/geneva-am.com\/fr\/informations-legales\/","title":{"rendered":"Informations L\u00e9gales"},"content":{"rendered":"\n<div class=\"wp-block-group is-layout-constrained wp-block-group-is-layout-constrained\">\n<p><strong>Conditions d&rsquo;acc\u00e8s et d&rsquo;utilisation<\/strong><\/p>\n\n\n\n<p>En acc\u00e9dant au site de Geneva Asset &amp; Wealth Management SA (ci-apr\u00e8s d\u00e9nomm\u00e9 \u00ab\u00a0GAWM\u00a0\u00bb) et aux pages qu&rsquo;il contient, vous d\u00e9clarez comprendre et accepter les conditions g\u00e9n\u00e9rales et les informations l\u00e9gales ci-dessous. En cas de d\u00e9saccord, merci de ne pas acc\u00e9der \u00e0 ce site Web et \u00e0 son contenu imm\u00e9diatement.<\/p>\n\n\n\n<p>De plus, l&rsquo;acc\u00e8s \u00e0 l&rsquo;information fournie sur ce site peut \u00eatre soumis \u00e0 des restrictions l\u00e9gales et r\u00e9glementaires applicables \u00e0 l&rsquo;utilisateur. Les personnes soumises \u00e0 de telles restrictions ne doivent pas acc\u00e9der au site.<\/p>\n\n\n\n<p>Veuillez lire attentivement les pr\u00e9sentes conditions d&rsquo;utilisation afin de vous familiariser avec les restrictions d&rsquo;acc\u00e8s et d&rsquo;utilisation de ce site.<\/p>\n\n\n\n<p>Ces conditions d&rsquo;utilisation peuvent \u00eatre modifi\u00e9es \u00e0 tout moment sans pr\u00e9avis. Nous vous conseillons donc de les lire r\u00e9guli\u00e8rement.<\/p>\n\n\n\n<p><strong>Restrictions l\u00e9gales locales<\/strong><\/p>\n\n\n\n<p>Les informations et services fournis sur ce site Web ne sont pas destin\u00e9s \u00e0 \u00eatre distribu\u00e9s \u00e0, ou utilis\u00e9s par, toute personne ou entit\u00e9 dans une juridiction ou un pays o\u00f9 une telle distribution ou utilisation serait contraire \u00e0 la loi ou \u00e0 la r\u00e9glementation locale.<\/p>\n\n\n\n<p>L&rsquo;acc\u00e8s \u00e0 et la consultation de ce site sont interdits aux personnes physiques et morales qui, en raison de leur nationalit\u00e9, domicile, si\u00e8ge social ou pour toute autre raison, sont soumises \u00e0 une juridiction interdisant ou limitant l&rsquo;acc\u00e8s aux sites Web des prestataires de services financiers \u00e9trangers, lorsque la publication, l&rsquo;acc\u00e8s, la consultation et\/ou l&rsquo;utilisation de donn\u00e9es telles que celles figurant sur ce site constitue une violation des lois et r\u00e9glementations applicables.<\/p>\n\n\n\n<p>Ce principe s&rsquo;applique notamment aux personnes r\u00e9sidant aux \u00c9tats-Unis et au Royaume-Uni. Il est conseill\u00e9 de v\u00e9rifier la l\u00e9gislation applicable dans votre pays avant d&rsquo;acc\u00e9der, de consulter et d&rsquo;utiliser ce site. Si vous vous trouvez dans l&rsquo;une des situations mentionn\u00e9es ci-dessus, veuillez quitter ce site imm\u00e9diatement.<\/p>\n\n\n\n<p><strong>Aucune offre<\/strong><\/p>\n\n\n\n<p>Le site Web ne peut en aucun cas, pour quelque raison que ce soit ou pour tout produit ou service que ce soit, \u00eatre consid\u00e9r\u00e9 comme une offre de service ou une sollicitation directe ou indirecte de la part de Geneva Asset &amp; Wealth Management SA. Il est con\u00e7u exclusivement \u00e0 des fins d&rsquo;information.<\/p>\n\n\n\n<p>Les informations, donn\u00e9es, produits, prospectus ou opinions disponibles ou mentionn\u00e9s sur ce site sont purement \u00e0 titre informatif et ne constituent en aucun cas une sollicitation et\/ou une offre et\/ou une recommandation de contracter pour vendre des produits et\/ou fournir des services de gestion discr\u00e9tionnaire ou de conseil. Aucun des mat\u00e9riaux contenus sur le site ne constitue et n&rsquo;est destin\u00e9 \u00e0 \u00eatre un conseil en mati\u00e8re d&rsquo;investissement, juridique, fiscal, comptable ou autre. En aucun cas, le contenu ou les mat\u00e9riaux mentionn\u00e9s sur ce site ne conviennent \u00e0 tous les investisseurs. Avant de prendre toute d\u00e9cision, les investisseurs doivent obtenir des informations d\u00e9taill\u00e9es et une assistance professionnelle. En aucun cas, le contenu de ce site Web ne cr\u00e9e une relation juridique entre GAWM et l&rsquo;utilisateur.<\/p>\n\n\n\n<p>Par cons\u00e9quent, l&rsquo;acc\u00e8s, la consultation et l&rsquo;utilisation des donn\u00e9es figurant sur ce site n&rsquo;engagent en aucun cas la responsabilit\u00e9 de GAWM. Aucune r\u00e9clamation ne peut \u00eatre formul\u00e9e contre GAWM \u00e0 la suite de l&rsquo;acc\u00e8s, de la consultation ou de l&rsquo;utilisation du contenu de ce site Web.<\/p>\n\n\n\n<p><strong>Aucune garantie<\/strong><\/p>\n\n\n\n<p>Geneva Asset &amp; Wealth Management SA et ses fournisseurs de donn\u00e9es s&rsquo;efforcent de garantir que les informations contenues sur ce site Web sont exactes et compl\u00e8tes au moment de leur publication. Bien qu&rsquo;elles aient \u00e9t\u00e9 obtenues \u00e0 partir de sources consid\u00e9r\u00e9es comme fiables, et malgr\u00e9 toutes les pr\u00e9cautions prises, GAWM et ses fournisseurs de donn\u00e9es n&rsquo;acceptent aucune responsabilit\u00e9 quant \u00e0 l&rsquo;exhaustivit\u00e9, la fiabilit\u00e9, la ponctualit\u00e9 ou l&rsquo;exactitude des informations, de mani\u00e8re explicite ou implicite. Toute opinion ou vue exprim\u00e9e sur ce site est susceptible de changer sans pr\u00e9avis.<\/p>\n\n\n\n<p>\u00c9tant donn\u00e9 que le contenu de ce site est susceptible de changer \u00e0 tout moment et sans pr\u00e9avis, il ne doit pas \u00eatre utilis\u00e9 comme base pour toute d\u00e9cision d&rsquo;investissement ou d\u00e9cision li\u00e9e \u00e0 un investissement.<\/p>\n\n\n\n<p><strong>Limitation de responsabilit\u00e9<\/strong><\/p>\n\n\n\n<p>L&rsquo;utilisation de ce site se fait sous l&rsquo;enti\u00e8re et exclusive responsabilit\u00e9 de l&rsquo;utilisateur.<\/p>\n\n\n\n<p>Dans toute la mesure permise par les lois et\/ou r\u00e9glementations applicables, GAWM et ses fournisseurs de donn\u00e9es d\u00e9clinent express\u00e9ment toute responsabilit\u00e9 pour toute raison que ce soit en relation avec les cons\u00e9quences de tout acte ou omission r\u00e9sultant de l&rsquo;utilisation ou de la confiance accord\u00e9e \u00e0 tout ou partie du contenu du site Web de Geneva Asset &amp; Wealth Management SA, y compris, sans s&rsquo;y limiter, toute perte, r\u00e9duction de profit ou tout dommage direct ou indirect.<\/p>\n\n\n\n<p><strong>Performance des investissements<\/strong><\/p>\n\n\n\n<p>La valeur des investissements et leur performance sont sujettes \u00e0 des variations. Les investisseurs peuvent ne pas r\u00e9cup\u00e9rer les montants investis. De plus, les performances pass\u00e9es ne garantissent pas les performances futures. En cons\u00e9quence, aucune information ni aucun mat\u00e9riel sur ce site ne doit \u00eatre pris en compte pour toute d\u00e9cision d&rsquo;investissement.<\/p>\n\n\n\n<p><strong>Liens vers d&rsquo;autres sites Web<\/strong><\/p>\n\n\n\n<p>Ce site Web peut vous proposer des liens vers d&rsquo;autres sites Web \u00e0 des fins purement informatives et p\u00e9dagogiques. Geneva Asset &amp; Wealth Management SA ne contr\u00f4le pas le contenu de ces sites.<\/p>\n\n\n\n<p>Ces liens n&rsquo;impliquent pas que GAWM ait une relation juridique avec des tiers. GAWM d\u00e9cline toute responsabilit\u00e9 quant au contenu des sites Web accessibles via ces liens ou concernant les produits, services et autres mat\u00e9riels propos\u00e9s par ces sites.<\/p>\n\n\n\n<p>Sans le consentement \u00e9crit pr\u00e9alable de GAWM, il est interdit d&rsquo;\u00e9tablir un lien vers le site ou l&rsquo;un de ses contenus ou mat\u00e9riaux.<\/p>\n\n\n\n<p><strong>Collecte de donn\u00e9es et cookies<\/strong><\/p>\n\n\n\n<p>Le site Web de Geneva Asset &amp; Wealth Management SA collecte des donn\u00e9es techniques concernant les utilisateurs, telles que l&rsquo;origine, la dur\u00e9e, les heures de consultation et le nombre de pages consult\u00e9es. Ces informations sont utilis\u00e9es \u00e0 des fins statistiques et de s\u00e9curit\u00e9, en tant qu&rsquo;outil pour nos d\u00e9veloppeurs Web et pour am\u00e9liorer le confort des utilisateurs, notamment par l&rsquo;utilisation de cookies. Pour toute information suppl\u00e9mentaire, veuillez consulter la page \u00ab Politique de cookies \u00bb.<\/p>\n\n\n\n<p><strong>Traitement des donn\u00e9es personnelles \u2013 Confidentialit\u00e9<\/strong><\/p>\n\n\n\n<p>Geneva Asset &amp; Wealth Management SA collecte et traite vos donn\u00e9es personnelles dans le cadre de relations commerciales avec nos clients existants et\/ou relations avec des clients potentiels, afin de pouvoir vous proposer divers produits ainsi que des services financiers et bancaires.<\/p>\n\n\n\n<p>Geneva Asset &amp; Wealth Management SA attache une grande importance \u00e0 la protection de vos donn\u00e9es. En poursuivant votre navigation sur ce site ou en nous contactant, vous acceptez express\u00e9ment notre politique de traitement des donn\u00e9es.<\/p>\n\n\n\n<p>Pour obtenir des informations sur le type de donn\u00e9es collect\u00e9es, la raison et l&rsquo;objectif de leur collecte, la mani\u00e8re dont elles sont trait\u00e9es, \u00e0 qui elles peuvent \u00eatre transmises et les mesures de s\u00e9curit\u00e9 mises en place pour les prot\u00e9ger, veuillez consulter notre Avis de Protection des Donn\u00e9es, qui s&rsquo;applique \u00e0 tous les produits et services de Geneva Asset &amp; Wealth Management SA, via le lien suivant \u00ab Politique de Protection des Donn\u00e9es \u00bb.<\/p>\n\n\n\n<p><strong>Droits de propri\u00e9t\u00e9 intellectuelle<\/strong><\/p>\n\n\n\n<p>L&rsquo;int\u00e9gralit\u00e9 de ce site Web (en particulier les textes et les images) est prot\u00e9g\u00e9e par des droits d&rsquo;auteur et d&rsquo;autres droits de propri\u00e9t\u00e9 intellectuelle, sauf indication expresse du contraire.<\/p>\n\n\n\n<p>La reproduction, m\u00eame partielle, le stockage temporaire ou permanent et la retransmission en tout ou en partie, \u00e0 des fins publiques ou priv\u00e9es, des informations contenues sur le site de GAWM sont strictement interdites sans le consentement \u00e9crit pr\u00e9alable de GAWM.<\/p>\n\n\n\n<p>Le t\u00e9l\u00e9chargement ou la copie de tout logiciel ou mat\u00e9riel provenant de ce site ne conf\u00e8re aucun droit sur les \u00e9l\u00e9ments t\u00e9l\u00e9charg\u00e9s ou copi\u00e9s.<\/p>\n\n\n\n<p>Il est interdit de fournir un lien vers le site de Geneva Asset &amp; Wealth Management SA ou de l&rsquo;utiliser \u00e0 des fins publiques ou commerciales, sans le consentement pr\u00e9alable de GAWM.<\/p>\n\n\n\n<p><strong>Loi applicable et juridiction comp\u00e9tente<\/strong><\/p>\n\n\n\n<p>Tout litige relatif \u00e0 l&rsquo;acc\u00e8s, \u00e0 la consultation et\/ou \u00e0 l&rsquo;utilisation du contenu de ce site sera r\u00e9gi exclusivement par le droit suisse et sera soumis \u00e0 la comp\u00e9tence exclusive des tribunaux de la R\u00e9publique et du Canton de Gen\u00e8ve. Les recours devant le Tribunal f\u00e9d\u00e9ral suisse sont r\u00e9serv\u00e9s.<\/p>\n<\/div>\n","protected":false},"excerpt":{"rendered":"<p>Conditions d&rsquo;acc\u00e8s et d&rsquo;utilisation En acc\u00e9dant au site de Geneva Asset &amp; Wealth Management SA (ci-apr\u00e8s d\u00e9nomm\u00e9 \u00ab\u00a0GAWM\u00a0\u00bb) et aux pages qu&rsquo;il contient, vous d\u00e9clarez comprendre et accepter les conditions g\u00e9n\u00e9rales et les informations l\u00e9gales ci-dessous. En cas de d\u00e9saccord, merci de ne pas acc\u00e9der \u00e0 ce site Web et \u00e0 son contenu imm\u00e9diatement. De [&hellip;]<\/p>\n","protected":false},"author":1,"featured_media":0,"parent":0,"menu_order":0,"comment_status":"closed","ping_status":"closed","template":"","meta":{"ngg_post_thumbnail":0,"_jet_sm_ready_style":"","_jet_sm_style":"","_jet_sm_controls_values":"","_jet_sm_fonts_collection":"","_jet_sm_fonts_links":"","footnotes":""},"class_list":["post-49","page","type-page","status-publish","hentry"],"blocksy_meta":[],"_links":{"self":[{"href":"https:\/\/geneva-am.com\/fr\/wp-json\/wp\/v2\/pages\/49","targetHints":{"allow":["GET"]}}],"collection":[{"href":"https:\/\/geneva-am.com\/fr\/wp-json\/wp\/v2\/pages"}],"about":[{"href":"https:\/\/geneva-am.com\/fr\/wp-json\/wp\/v2\/types\/page"}],"author":[{"embeddable":true,"href":"https:\/\/geneva-am.com\/fr\/wp-json\/wp\/v2\/users\/1"}],"replies":[{"embeddable":true,"href":"https:\/\/geneva-am.com\/fr\/wp-json\/wp\/v2\/comments?post=49"}],"version-history":[{"count":3,"href":"https:\/\/geneva-am.com\/fr\/wp-json\/wp\/v2\/pages\/49\/revisions"}],"predecessor-version":[{"id":370,"href":"https:\/\/geneva-am.com\/fr\/wp-json\/wp\/v2\/pages\/49\/revisions\/370"}],"wp:attachment":[{"href":"https:\/\/geneva-am.com\/fr\/wp-json\/wp\/v2\/media?parent=49"}],"curies":[{"name":"wp","href":"https:\/\/api.w.org\/{rel}","templated":true}]}}