{"id":51,"date":"2024-11-25T12:14:38","date_gmt":"2024-11-25T11:14:38","guid":{"rendered":"https:\/\/geneva-am.com\/fr\/?page_id=51"},"modified":"2025-02-06T13:05:41","modified_gmt":"2025-02-06T12:05:41","slug":"contacts","status":"publish","type":"page","link":"https:\/\/geneva-am.com\/fr\/contacts\/","title":{"rendered":"Contacts"},"content":{"rendered":"\n<div class=\"wp-block-cover alignfull is-light pattern-gradient-shadow-to-right\" style=\"margin-top:0;margin-bottom:0;padding-top:var(--wp--preset--spacing--80);padding-bottom:var(--wp--preset--spacing--70);min-height:620px;aspect-ratio:unset;\"><span aria-hidden=\"true\" class=\"wp-block-cover__background has-palette-color-8-background-color has-background-dim-0 has-background-dim\"><\/span><div class=\"wp-block-cover__inner-container is-layout-constrained wp-block-cover-is-layout-constrained\">\n<div class=\"wp-block-stackable-columns stk-block-columns stk-block stk-038fe59\" data-block-id=\"038fe59\"><style>.stk-038fe59 {margin-bottom:0px !important;z-index:2 !important;}<\/style><div class=\"stk-row stk-inner-blocks stk-block-content stk-content-align stk-038fe59-column\">\n<div class=\"wp-block-stackable-column stk-block-column stk-column stk-block stk-ff6ef3e\" data-v=\"4\" data-block-id=\"ff6ef3e\"><div class=\"stk-column-wrapper stk-block-column__content stk-container stk-ff6ef3e-container stk--no-background stk--no-padding\"><div class=\"stk-block-content stk-inner-blocks stk-ff6ef3e-inner-blocks\">\n<div class=\"wp-block-stackable-tabs stk-block-tabs stk-block stk-ae62291\" data-initial-tab=\"1\" data-block-id=\"ae62291\"><style>.stk-ae62291 .stk-block-tab-content .stk-block-content .stk-block-column[hidden]{display:none !important;}<\/style><div class=\"stk-row stk-inner-blocks stk-block-content stk-block-tabs--horizontal stk-block-tabs--fade stk-content-align stk-ae62291-column\">\n<div class=\"wp-block-stackable-tab-labels stk-block-tab-labels stk-block stk-a978979\" data-block-id=\"a978979\"><style>.stk-a978979 .stk-block-tabs__tab{color:#999999 !important;}.stk-a978979 .stk-block-tabs__tab.stk-block-tabs__tab--active .stk-block-tab-labels__text{color:var(--theme-palette-color-1, #293947) !important;}.stk-a978979 {overflow:hidden !important;border-style:solid !important;border-color:var(--theme-palette-color-5, #f4f4f4) !important;border-top-width:0px !important;border-right-width:0px !important;border-bottom-width:1px !important;border-left-width:0px !important;}.stk-a978979 .stk-block-tab-labels__text{font-size:18px !important;color:#999999 !important;font-weight:bold !important;}.stk-a978979 .stk-block-tabs__tab .stk--inner-svg svg:last-child, .stk-a978979 .stk-block-tabs__tab .stk--inner-svg svg:last-child :is(g, path, rect, polygon, ellipse){fill:#909090 !important;}.stk-a978979 .stk-block-tabs__tab:not(.stk-block-tabs__tab--active):hover .stk--inner-svg svg:last-child, .stk-a978979 .stk-block-tabs__tab:not(.stk-block-tabs__tab--active):hover .stk--inner-svg svg:last-child :is(g, path, rect, polygon, ellipse){fill:#909090 !important;}.stk-a978979 .stk-block-tabs__tab.stk-block-tabs__tab--active{border-color:#000000 !important;}.stk-a978979 .stk-block-tabs__tab.stk-block-tabs__tab--active .stk--inner-svg svg:last-child, .stk-a978979 .stk-block-tabs__tab.stk-block-tabs__tab--active .stk--inner-svg svg:last-child :is(g, path, rect, polygon, ellipse){fill:#000000 !important;}.stk-a978979 .stk-block-tabs__tab.stk-block-tabs__tab--active:hover .stk--inner-svg svg:last-child, .stk-a978979 .stk-block-tabs__tab.stk-block-tabs__tab--active:hover .stk--inner-svg svg:last-child :is(g, path, rect, polygon, ellipse){fill:#000000 !important;}@media screen and (max-width:999px){.stk-a978979 .stk-block-tab-labels__text{font-size:18px !important;}}<\/style><div class=\"stk-block-tab-labels__wrapper\" role=\"tablist\"><button class=\"stk-block-tabs__tab\" role=\"tab\"><div class=\"stk-block-tab-labels__text\"><span>Gen\u00e8ve<\/span><\/div><\/button><button class=\"stk-block-tabs__tab\" role=\"tab\"><div class=\"stk-block-tab-labels__text\"><span>Panama<\/span><\/div><\/button><\/div><\/div>\n\n\n\n<div class=\"wp-block-stackable-tab-content stk-block-tab-content stk-block stk-703309e\" data-block-id=\"703309e\"><div class=\"stk-row stk-inner-blocks stk-block-content stk-content-align stk-703309e-column\">\n<div class=\"wp-block-stackable-column stk-block-column stk-column stk-block stk-1a4c48f\" data-v=\"4\" role=\"tabpanel\" data-block-id=\"1a4c48f\"><div class=\"stk-column-wrapper stk-block-column__content stk-container stk-1a4c48f-container stk--no-background stk--no-padding\"><div class=\"stk-block-content stk-inner-blocks stk-1a4c48f-inner-blocks\">\n<div class=\"wp-block-columns is-layout-flex wp-container-core-columns-is-layout-ec324af5 wp-block-columns-is-layout-flex\" style=\"margin-bottom:var(--wp--preset--spacing--70)\">\n<div class=\"wp-block-column is-layout-flow wp-block-column-is-layout-flow\" style=\"flex-basis:40%\">\n<p class=\"has-palette-color-1-color has-text-color has-link-color wp-elements-8682da0b735b705f621745ce24b1bd0e\" style=\"margin-top:0;margin-bottom:0\"><strong>Geneva Asset &amp; Wealth Management SA<\/strong><\/p>\n\n\n\n<p style=\"margin-top:0;margin-bottom:0\">Rue du March\u00e9 18<\/p>\n\n\n\n<p style=\"margin-top:0;margin-bottom:0\">CH-1204 Gen\u00e8ve<\/p>\n\n\n\n<p style=\"margin-top:0;margin-bottom:0\">Suisse<\/p>\n\n\n\n<p style=\"margin-top:0;margin-bottom:0\">T\u00e9l: +41 22 810 35 50<\/p>\n<\/div>\n\n\n\n<div class=\"wp-block-column is-layout-flow wp-block-column-is-layout-flow\" style=\"flex-basis:60%\">\n<p>Champs requis*<\/p>\n\n\n\n<div class=\"wp-block-contact-form-7-contact-form-selector\">\n<div class=\"wpcf7 no-js\" id=\"wpcf7-f127-o1\" lang=\"fr-FR\" dir=\"ltr\" data-wpcf7-id=\"127\">\n<div class=\"screen-reader-response\"><p role=\"status\" aria-live=\"polite\" aria-atomic=\"true\"><\/p> <ul><\/ul><\/div>\n<form action=\"\/fr\/wp-json\/wp\/v2\/pages\/51#wpcf7-f127-o1\" method=\"post\" class=\"wpcf7-form init wpcf7-acceptance-as-validation\" aria-label=\"Formulaire de contact\" novalidate=\"novalidate\" data-status=\"init\">\n<fieldset class=\"hidden-fields-container\"><input type=\"hidden\" name=\"_wpcf7\" value=\"127\" \/><input type=\"hidden\" name=\"_wpcf7_version\" value=\"6.1.1\" \/><input type=\"hidden\" name=\"_wpcf7_locale\" value=\"fr_FR\" \/><input type=\"hidden\" name=\"_wpcf7_unit_tag\" value=\"wpcf7-f127-o1\" \/><input type=\"hidden\" name=\"_wpcf7_container_post\" value=\"0\" \/><input type=\"hidden\" name=\"_wpcf7_posted_data_hash\" value=\"\" \/><input type=\"hidden\" name=\"_wpcf7_recaptcha_response\" value=\"\" \/>\n<\/fieldset>\n<div class=\"cf-container\">\n\t<div class=\"cf-col-6\">\n\t\t<p><label><span class=\"wpcf7-form-control-wrap\" data-name=\"Prenom\"><input size=\"40\" maxlength=\"400\" class=\"wpcf7-form-control wpcf7-text wpcf7-validates-as-required\" aria-required=\"true\" aria-invalid=\"false\" placeholder=\"Pr\u00e9nom *\" value=\"\" type=\"text\" name=\"Prenom\" \/><\/span><\/label>\n\t\t<\/p>\n\t<\/div>\n\t<div class=\"cf-col-6\">\n\t\t<p><label><span class=\"wpcf7-form-control-wrap\" data-name=\"Nom-de-famille\"><input size=\"40\" maxlength=\"400\" class=\"wpcf7-form-control wpcf7-text wpcf7-validates-as-required\" aria-required=\"true\" aria-invalid=\"false\" placeholder=\"Nom de famille *\" value=\"\" type=\"text\" name=\"Nom-de-famille\" \/><\/span><\/label>\n\t\t<\/p>\n\t<\/div>\n<\/div>\n<div class=\"cf-container\">\n\t<div class=\"cf-col-6\">\n\t\t<p><label><span class=\"wpcf7-form-control-wrap\" data-name=\"Entreprise\"><input size=\"40\" maxlength=\"400\" class=\"wpcf7-form-control wpcf7-text\" aria-invalid=\"false\" placeholder=\"Entreprise\" value=\"\" type=\"text\" name=\"Entreprise\" \/><\/span><\/label>\n\t\t<\/p>\n\t<\/div>\n\t<div class=\"cf-col-6\">\n\t\t<p><label><span class=\"wpcf7-form-control-wrap\" data-name=\"nation\"><input size=\"40\" maxlength=\"400\" class=\"wpcf7-form-control wpcf7-text\" aria-invalid=\"false\" placeholder=\"Nation\" value=\"\" type=\"text\" name=\"nation\" \/><\/span><\/label>\n\t\t<\/p>\n\t<\/div>\n<\/div>\n<div class=\"cf-container\">\n\t<div class=\"cf-col-6\">\n\t\t<p><label><span class=\"wpcf7-form-control-wrap\" data-name=\"Email\"><input size=\"40\" maxlength=\"400\" class=\"wpcf7-form-control wpcf7-email wpcf7-validates-as-required wpcf7-text wpcf7-validates-as-email\" aria-required=\"true\" aria-invalid=\"false\" placeholder=\"Adresse e-mail *\" value=\"\" type=\"email\" name=\"Email\" \/><\/span><\/label>\n\t\t<\/p>\n\t<\/div>\n\t<div class=\"cf-col-6\">\n\t\t<p><label><span class=\"wpcf7-form-control-wrap\" data-name=\"Numero-de-telephone\"><input size=\"40\" maxlength=\"400\" class=\"wpcf7-form-control wpcf7-tel wpcf7-text wpcf7-validates-as-tel\" aria-invalid=\"false\" placeholder=\"Num\u00e9ro de t\u00e9l\u00e9phone\" value=\"\" type=\"tel\" name=\"Numero-de-telephone\" \/><\/span><\/label>\n\t\t<\/p>\n\t<\/div>\n<\/div>\n<div class=\"cf-container\">\n\t<div class=\"cf-col-12\">\n\t\t<p><label><span class=\"wpcf7-form-control-wrap\" data-name=\"Message\"><textarea cols=\"40\" rows=\"10\" maxlength=\"2000\" class=\"wpcf7-form-control wpcf7-textarea wpcf7-validates-as-required\" aria-required=\"true\" aria-invalid=\"false\" placeholder=\"Message *\" name=\"Message\"><\/textarea><\/span><\/label>\n\t\t<\/p>\n\t<\/div>\n<\/div>\n<div class=\"cf-container\">\n\t<div class=\"cf-col-12\">\n\t\t<p><label><span class=\"wpcf7-form-control-wrap\" data-name=\"PrivacyPolicy\"><span class=\"wpcf7-form-control wpcf7-acceptance optional\"><span class=\"wpcf7-list-item\"><input type=\"checkbox\" name=\"PrivacyPolicy\" value=\"1\" aria-invalid=\"false\" \/><\/span><\/span><\/span> J'autorise le traitement de mes donn\u00e9es conform\u00e9ment aux articles 13 et 14 du R\u00e8glement UE 2016\/679 et j'ai lu les <a href=\"\/fr\/informations-legales\/\" target=\"_blank\" style=\"color:var(--theme-palette-color-1)!important;\"><u>Informations l\u00e9gales<\/u><\/a> sur le site web.<\/label>\n\t\t<\/p>\n\t<\/div>\n<\/div>\n<div class=\"cf-container\">\n\t<div class=\"cf-col-12\">\n\t\t<p><label><input class=\"wpcf7-form-control wpcf7-submit has-spinner\" type=\"submit\" value=\"Envoyer le Message\" \/><\/label>\n\t\t<\/p>\n\t<\/div>\n<\/div><div class=\"wpcf7-response-output\" aria-hidden=\"true\"><\/div>\n<\/form>\n<\/div>\n<\/div>\n<\/div>\n<\/div>\n\n\n\n<figure class=\"wp-block-image alignfull size-full image-cornice\"><a href=\"https:\/\/maps.app.goo.gl\/y9ECjC9aj6dMDZUTA\" target=\"_blank\" rel=\"noreferrer noopener\"><img decoding=\"async\" width=\"1280\" height=\"350\" src=\"https:\/\/geneva-am.com\/fr\/wp-content\/uploads\/sites\/3\/2024\/11\/mappa-geneva.webp\" alt=\"\" class=\"wp-image-27\" srcset=\"https:\/\/geneva-am.com\/fr\/wp-content\/uploads\/sites\/3\/2024\/11\/mappa-geneva.webp 1280w, https:\/\/geneva-am.com\/fr\/wp-content\/uploads\/sites\/3\/2024\/11\/mappa-geneva-300x82.webp 300w, https:\/\/geneva-am.com\/fr\/wp-content\/uploads\/sites\/3\/2024\/11\/mappa-geneva-1024x280.webp 1024w, https:\/\/geneva-am.com\/fr\/wp-content\/uploads\/sites\/3\/2024\/11\/mappa-geneva-768x210.webp 768w\" sizes=\"(max-width: 1280px) 100vw, 1280px\" \/><\/a><\/figure>\n<\/div><\/div><\/div>\n\n\n\n<div class=\"wp-block-stackable-column stk-block-column stk-column stk-block stk-cdd574c\" data-v=\"4\" role=\"tabpanel\" data-block-id=\"cdd574c\"><div class=\"stk-column-wrapper stk-block-column__content stk-container stk-cdd574c-container stk--no-background stk--no-padding\"><div class=\"stk-block-content stk-inner-blocks stk-cdd574c-inner-blocks\">\n<div class=\"wp-block-columns is-layout-flex wp-container-core-columns-is-layout-ec324af5 wp-block-columns-is-layout-flex\" style=\"margin-bottom:var(--wp--preset--spacing--70)\">\n<div class=\"wp-block-column is-layout-flow wp-block-column-is-layout-flow\" style=\"flex-basis:40%\">\n<p class=\"has-palette-color-1-color has-text-color has-link-color wp-elements-96bf14e0ed8797ced6d2056d8bb0d9cd\" style=\"margin-top:0;margin-bottom:0\"><strong>GAWM SA<\/strong><\/p>\n\n\n\n<p style=\"margin-top:0;margin-bottom:0\">PH Plaza 58, oficina 603, piso 6<\/p>\n\n\n\n<p style=\"margin-top:0;margin-bottom:0\">Calle 58 Este Obarrio<\/p>\n\n\n\n<p style=\"margin-top:0;margin-bottom:0\">Ciudad de Panam\u00e1<\/p>\n\n\n\n<p style=\"margin-top:0;margin-bottom:0\">T\u00e9l: (507) 374-7550\/ 374-7551<\/p>\n\n\n\n<p class=\"has-palette-color-4-color has-text-color has-link-color wp-elements-f0790bc281bfd9e82c3fcff7f15a4bde\" style=\"margin-top:0;margin-bottom:0\"><a href=\"https:\/\/geneva-am.com.pa\" target=\"_blank\" rel=\"noreferrer noopener\"><strong>www.geneva-am.com.pa<\/strong><\/a><\/p>\n<\/div>\n\n\n\n<div class=\"wp-block-column is-layout-flow wp-block-column-is-layout-flow\" style=\"flex-basis:60%\">\n<p>Champs requis*<\/p>\n\n\n\n<div class=\"wp-block-contact-form-7-contact-form-selector\">\n<div class=\"wpcf7 no-js\" id=\"wpcf7-f128-o2\" lang=\"fr-FR\" dir=\"ltr\" data-wpcf7-id=\"128\">\n<div class=\"screen-reader-response\"><p role=\"status\" aria-live=\"polite\" aria-atomic=\"true\"><\/p> <ul><\/ul><\/div>\n<form action=\"\/fr\/wp-json\/wp\/v2\/pages\/51#wpcf7-f128-o2\" method=\"post\" class=\"wpcf7-form init wpcf7-acceptance-as-validation\" aria-label=\"Formulaire de contact\" novalidate=\"novalidate\" data-status=\"init\">\n<fieldset class=\"hidden-fields-container\"><input type=\"hidden\" name=\"_wpcf7\" value=\"128\" \/><input type=\"hidden\" name=\"_wpcf7_version\" value=\"6.1.1\" \/><input type=\"hidden\" name=\"_wpcf7_locale\" value=\"fr_FR\" \/><input type=\"hidden\" name=\"_wpcf7_unit_tag\" value=\"wpcf7-f128-o2\" \/><input type=\"hidden\" name=\"_wpcf7_container_post\" value=\"0\" \/><input type=\"hidden\" name=\"_wpcf7_posted_data_hash\" value=\"\" \/><input type=\"hidden\" name=\"_wpcf7_recaptcha_response\" value=\"\" \/>\n<\/fieldset>\n<div class=\"cf-container\">\n\t<div class=\"cf-col-6\">\n\t\t<p><label><span class=\"wpcf7-form-control-wrap\" data-name=\"Prenom\"><input size=\"40\" maxlength=\"400\" class=\"wpcf7-form-control wpcf7-text wpcf7-validates-as-required\" aria-required=\"true\" aria-invalid=\"false\" placeholder=\"Pr\u00e9nom *\" value=\"\" type=\"text\" name=\"Prenom\" \/><\/span><\/label>\n\t\t<\/p>\n\t<\/div>\n\t<div class=\"cf-col-6\">\n\t\t<p><label><span class=\"wpcf7-form-control-wrap\" data-name=\"Nom-de-famille\"><input size=\"40\" maxlength=\"400\" class=\"wpcf7-form-control wpcf7-text wpcf7-validates-as-required\" aria-required=\"true\" aria-invalid=\"false\" placeholder=\"Nom de famille *\" value=\"\" type=\"text\" name=\"Nom-de-famille\" \/><\/span><\/label>\n\t\t<\/p>\n\t<\/div>\n<\/div>\n<div class=\"cf-container\">\n\t<div class=\"cf-col-6\">\n\t\t<p><label><span class=\"wpcf7-form-control-wrap\" data-name=\"Entreprise\"><input size=\"40\" maxlength=\"400\" class=\"wpcf7-form-control wpcf7-text\" aria-invalid=\"false\" placeholder=\"Entreprise\" value=\"\" type=\"text\" name=\"Entreprise\" \/><\/span><\/label>\n\t\t<\/p>\n\t<\/div>\n\t<div class=\"cf-col-6\">\n\t\t<p><label><span class=\"wpcf7-form-control-wrap\" data-name=\"nation\"><input size=\"40\" maxlength=\"400\" class=\"wpcf7-form-control wpcf7-text\" aria-invalid=\"false\" placeholder=\"Nation\" value=\"\" type=\"text\" name=\"nation\" \/><\/span><\/label>\n\t\t<\/p>\n\t<\/div>\n<\/div>\n<div class=\"cf-container\">\n\t<div class=\"cf-col-6\">\n\t\t<p><label><span class=\"wpcf7-form-control-wrap\" data-name=\"Email\"><input size=\"40\" maxlength=\"400\" class=\"wpcf7-form-control wpcf7-email wpcf7-validates-as-required wpcf7-text wpcf7-validates-as-email\" aria-required=\"true\" aria-invalid=\"false\" placeholder=\"Adresse e-mail *\" value=\"\" type=\"email\" name=\"Email\" \/><\/span><\/label>\n\t\t<\/p>\n\t<\/div>\n\t<div class=\"cf-col-6\">\n\t\t<p><label><span class=\"wpcf7-form-control-wrap\" data-name=\"Numero-de-telephone\"><input size=\"40\" maxlength=\"400\" class=\"wpcf7-form-control wpcf7-tel wpcf7-text wpcf7-validates-as-tel\" aria-invalid=\"false\" placeholder=\"Num\u00e9ro de t\u00e9l\u00e9phone\" value=\"\" type=\"tel\" name=\"Numero-de-telephone\" \/><\/span><\/label>\n\t\t<\/p>\n\t<\/div>\n<\/div>\n<div class=\"cf-container\">\n\t<div class=\"cf-col-12\">\n\t\t<p><label><span class=\"wpcf7-form-control-wrap\" data-name=\"Message\"><textarea cols=\"40\" rows=\"10\" maxlength=\"2000\" class=\"wpcf7-form-control wpcf7-textarea wpcf7-validates-as-required\" aria-required=\"true\" aria-invalid=\"false\" placeholder=\"Message *\" name=\"Message\"><\/textarea><\/span><\/label>\n\t\t<\/p>\n\t<\/div>\n<\/div>\n<div class=\"cf-container\">\n\t<div class=\"cf-col-12\">\n\t\t<p><label><span class=\"wpcf7-form-control-wrap\" data-name=\"PrivacyPolicy\"><span class=\"wpcf7-form-control wpcf7-acceptance optional\"><span class=\"wpcf7-list-item\"><input type=\"checkbox\" name=\"PrivacyPolicy\" value=\"1\" aria-invalid=\"false\" \/><\/span><\/span><\/span> J'autorise le traitement de mes donn\u00e9es conform\u00e9ment aux articles 13 et 14 du R\u00e8glement UE 2016\/679 et j'ai lu les <a href=\"\/fr\/informations-legales\/\" target=\"_blank\" style=\"color:var(--theme-palette-color-1)!important;\"><u>Informations l\u00e9gales<\/u><\/a> sur le site web.<\/label>\n\t\t<\/p>\n\t<\/div>\n<\/div>\n<div class=\"cf-container\">\n\t<div class=\"cf-col-12\">\n\t\t<p><label><input class=\"wpcf7-form-control wpcf7-submit has-spinner\" type=\"submit\" value=\"Envoyer le Message\" \/><\/label>\n\t\t<\/p>\n\t<\/div>\n<\/div><div class=\"wpcf7-response-output\" aria-hidden=\"true\"><\/div>\n<\/form>\n<\/div>\n<\/div>\n<\/div>\n<\/div>\n\n\n\n<figure class=\"wp-block-image alignfull size-full image-cornice\"><a href=\"https:\/\/maps.app.goo.gl\/fVxwCTDhFNE871EMA\" target=\"_blank\" rel=\"noreferrer noopener\"><img decoding=\"async\" width=\"1280\" height=\"350\" src=\"https:\/\/geneva-am.com\/fr\/wp-content\/uploads\/sites\/3\/2024\/11\/mappa-panama.webp\" alt=\"\" class=\"wp-image-52\" srcset=\"https:\/\/geneva-am.com\/fr\/wp-content\/uploads\/sites\/3\/2024\/11\/mappa-panama.webp 1280w, https:\/\/geneva-am.com\/fr\/wp-content\/uploads\/sites\/3\/2024\/11\/mappa-panama-300x82.webp 300w, https:\/\/geneva-am.com\/fr\/wp-content\/uploads\/sites\/3\/2024\/11\/mappa-panama-1024x280.webp 1024w, https:\/\/geneva-am.com\/fr\/wp-content\/uploads\/sites\/3\/2024\/11\/mappa-panama-768x210.webp 768w\" sizes=\"(max-width: 1280px) 100vw, 1280px\" \/><\/a><\/figure>\n<\/div><\/div><\/div>\n<\/div><\/div>\n<\/div><\/div>\n<\/div><\/div><\/div>\n<\/div><\/div>\n<\/div><\/div>\n","protected":false},"excerpt":{"rendered":"","protected":false},"author":1,"featured_media":0,"parent":0,"menu_order":0,"comment_status":"closed","ping_status":"closed","template":"","meta":{"ngg_post_thumbnail":0,"_jet_sm_ready_style":"","_jet_sm_style":"","_jet_sm_controls_values":"","_jet_sm_fonts_collection":"","_jet_sm_fonts_links":"","footnotes":""},"class_list":["post-51","page","type-page","status-publish","hentry"],"blocksy_meta":{"vertical_spacing_source":"custom","content_area_spacing":"none","styles_descriptor":{"styles":{"desktop":"","tablet":"","mobile":""},"google_fonts":[],"version":6}},"_links":{"self":[{"href":"https:\/\/geneva-am.com\/fr\/wp-json\/wp\/v2\/pages\/51","targetHints":{"allow":["GET"]}}],"collection":[{"href":"https:\/\/geneva-am.com\/fr\/wp-json\/wp\/v2\/pages"}],"about":[{"href":"https:\/\/geneva-am.com\/fr\/wp-json\/wp\/v2\/types\/page"}],"author":[{"embeddable":true,"href":"https:\/\/geneva-am.com\/fr\/wp-json\/wp\/v2\/users\/1"}],"replies":[{"embeddable":true,"href":"https:\/\/geneva-am.com\/fr\/wp-json\/wp\/v2\/comments?post=51"}],"version-history":[{"count":7,"href":"https:\/\/geneva-am.com\/fr\/wp-json\/wp\/v2\/pages\/51\/revisions"}],"predecessor-version":[{"id":367,"href":"https:\/\/geneva-am.com\/fr\/wp-json\/wp\/v2\/pages\/51\/revisions\/367"}],"wp:attachment":[{"href":"https:\/\/geneva-am.com\/fr\/wp-json\/wp\/v2\/media?parent=51"}],"curies":[{"name":"wp","href":"https:\/\/api.w.org\/{rel}","templated":true}]}}