{"id":55,"date":"2024-11-25T12:16:48","date_gmt":"2024-11-25T11:16:48","guid":{"rendered":"https:\/\/geneva-am.com\/fr\/?page_id=55"},"modified":"2025-02-06T13:05:14","modified_gmt":"2025-02-06T12:05:14","slug":"carrieres","status":"publish","type":"page","link":"https:\/\/geneva-am.com\/fr\/carrieres\/","title":{"rendered":"Carri\u00e8res"},"content":{"rendered":"\n<div class=\"wp-block-cover alignfull is-light is-repeated pattern-gradient-shadow-to-right\" style=\"margin-top:0;margin-bottom:0;padding-top:var(--wp--preset--spacing--80);padding-bottom:var(--wp--preset--spacing--70);min-height:620px;aspect-ratio:unset;\"><span aria-hidden=\"true\" class=\"wp-block-cover__background has-palette-color-8-background-color has-background-dim-0 has-background-dim\"><\/span><div class=\"wp-block-cover__image-background wp-image-86 is-repeated\" style=\"background-position:50% 50%;background-image:url(https:\/\/geneva-am.com\/fr\/wp-content\/uploads\/sites\/3\/2024\/11\/pattern-oro-piccolo-1.svg)\"><\/div><div class=\"wp-block-cover__inner-container is-layout-constrained wp-block-cover-is-layout-constrained\">\n<div class=\"wp-block-columns is-layout-flex wp-container-core-columns-is-layout-643ced6b wp-block-columns-is-layout-flex\">\n<div class=\"wp-block-column is-vertically-aligned-center is-layout-flow wp-block-column-is-layout-flow\">\n<div class=\"wp-block-group is-content-justification-left is-layout-constrained wp-container-core-group-is-layout-db6cbf98 wp-block-group-is-layout-constrained\">\n<h2 class=\"wp-block-heading has-48-font-size has-palette-color-1-color has-text-color has-link-color wp-elements-5fd6dcb95aac5282c588595ba165068c\">Nous serions ravis d\u2019organiser une r\u00e9union pour discuter des opportunit\u00e9s potentielles.<\/h2>\n<\/div>\n\n\n\n<p class=\"has-palette-color-1-color has-text-color has-link-color wp-elements-511f46aae704e6be98f2ccb344450d96\"><strong>Veuillez envoyer votre candidature en remplissant le formulaire ci-dessous.<\/strong><\/p>\n\n\n\n<p>Champs requis*<\/p>\n\n\n\n<div class=\"wp-block-columns has-palette-color-8-background-color has-background is-layout-flex wp-container-core-columns-is-layout-28f84493 wp-block-columns-is-layout-flex\">\n<div class=\"wp-block-column is-layout-flow wp-block-column-is-layout-flow\">\n<div class=\"wp-block-contact-form-7-contact-form-selector\">\n<div class=\"wpcf7 no-js\" id=\"wpcf7-f129-o1\" lang=\"fr-FR\" dir=\"ltr\" data-wpcf7-id=\"129\">\n<div class=\"screen-reader-response\"><p role=\"status\" aria-live=\"polite\" aria-atomic=\"true\"><\/p> <ul><\/ul><\/div>\n<form action=\"\/fr\/wp-json\/wp\/v2\/pages\/55#wpcf7-f129-o1\" method=\"post\" class=\"wpcf7-form init wpcf7-acceptance-as-validation\" aria-label=\"Formulaire de contact\" enctype=\"multipart\/form-data\" novalidate=\"novalidate\" data-status=\"init\">\n<fieldset class=\"hidden-fields-container\"><input type=\"hidden\" name=\"_wpcf7\" value=\"129\" \/><input type=\"hidden\" name=\"_wpcf7_version\" value=\"6.1.1\" \/><input type=\"hidden\" name=\"_wpcf7_locale\" value=\"fr_FR\" \/><input type=\"hidden\" name=\"_wpcf7_unit_tag\" value=\"wpcf7-f129-o1\" \/><input type=\"hidden\" name=\"_wpcf7_container_post\" value=\"0\" \/><input type=\"hidden\" name=\"_wpcf7_posted_data_hash\" value=\"\" \/><input type=\"hidden\" name=\"_wpcf7_recaptcha_response\" value=\"\" \/>\n<\/fieldset>\n<div class=\"cf-container\">\n\t<div class=\"cf-col-6\">\n\t\t<p><label><span class=\"wpcf7-form-control-wrap\" data-name=\"Prenom\"><input size=\"40\" maxlength=\"400\" class=\"wpcf7-form-control wpcf7-text wpcf7-validates-as-required\" aria-required=\"true\" aria-invalid=\"false\" placeholder=\"Pr\u00e9nom *\" value=\"\" type=\"text\" name=\"Prenom\" \/><\/span><\/label>\n\t\t<\/p>\n\t<\/div>\n\t<div class=\"cf-col-6\">\n\t\t<p><label><span class=\"wpcf7-form-control-wrap\" data-name=\"Nom-de-famille\"><input size=\"40\" maxlength=\"400\" class=\"wpcf7-form-control wpcf7-text wpcf7-validates-as-required\" aria-required=\"true\" aria-invalid=\"false\" placeholder=\"Nom de famille *\" value=\"\" type=\"text\" name=\"Nom-de-famille\" \/><\/span><\/label>\n\t\t<\/p>\n\t<\/div>\n<\/div>\n<div class=\"cf-container\">\n\t<div class=\"cf-col-6\">\n\t\t<p><label><span class=\"wpcf7-form-control-wrap\" data-name=\"Email\"><input size=\"40\" maxlength=\"400\" class=\"wpcf7-form-control wpcf7-email wpcf7-validates-as-required wpcf7-text wpcf7-validates-as-email\" aria-required=\"true\" aria-invalid=\"false\" placeholder=\"Adresse e-mail *\" value=\"\" type=\"email\" name=\"Email\" \/><\/span><\/label>\n\t\t<\/p>\n\t<\/div>\n\t<div class=\"cf-col-6\">\n\t\t<p><label><span class=\"wpcf7-form-control-wrap\" data-name=\"Numero-de-telephone\"><input size=\"40\" maxlength=\"400\" class=\"wpcf7-form-control wpcf7-tel wpcf7-text wpcf7-validates-as-tel\" aria-invalid=\"false\" placeholder=\"Num\u00e9ro de t\u00e9l\u00e9phone\" value=\"\" type=\"tel\" name=\"Numero-de-telephone\" \/><\/span><\/label>\n\t\t<\/p>\n\t<\/div>\n<\/div>\n<div class=\"cf-container\">\n\t<div class=\"cf-col-12\">\n\t\t<p><label>Veuillez joindre votre Curriculum Vitae.* (.pdf)<\/label><span class=\"wpcf7-form-control-wrap\" data-name=\"curriculum\"><input size=\"40\" class=\"wpcf7-form-control wpcf7-file wpcf7-validates-as-required\" accept=\".pdf\" aria-required=\"true\" aria-invalid=\"false\" type=\"file\" name=\"curriculum\" \/><\/span>\n\t\t<\/p>\n\t<\/div>\n<\/div>\n<div class=\"cf-container\">\n\t<div class=\"cf-col-12\">\n\t\t<p><label style=\"margin-top:32px;\"><span class=\"wpcf7-form-control-wrap\" data-name=\"Message\"><textarea cols=\"40\" rows=\"10\" maxlength=\"2000\" class=\"wpcf7-form-control wpcf7-textarea wpcf7-validates-as-required\" aria-required=\"true\" aria-invalid=\"false\" placeholder=\"Message *\" name=\"Message\"><\/textarea><\/span><\/label>\n\t\t<\/p>\n\t<\/div>\n<\/div>\n<div class=\"cf-container\">\n\t<div class=\"cf-col-12\">\n\t\t<p><label><span class=\"wpcf7-form-control-wrap\" data-name=\"PrivacyPolicy\"><span class=\"wpcf7-form-control wpcf7-acceptance optional\"><span class=\"wpcf7-list-item\"><input type=\"checkbox\" name=\"PrivacyPolicy\" value=\"1\" aria-invalid=\"false\" \/><\/span><\/span><\/span> J'autorise le traitement de mes donn\u00e9es conform\u00e9ment aux articles 13 et 14 du R\u00e8glement UE 2016\/679 et j'ai lu les <a href=\"\/fr\/informations-legales\/\" target=\"_blank\" style=\"color:var(--theme-palette-color-1)!important;\"><u>Informations l\u00e9gales<\/u><\/a> sur le site web.<\/label>\n\t\t<\/p>\n\t<\/div>\n<\/div>\n<div class=\"cf-container\">\n\t<div class=\"cf-col-12\">\n\t\t<p><label><input class=\"wpcf7-form-control wpcf7-submit has-spinner\" type=\"submit\" value=\"Envoyer le Message\" \/><\/label>\n\t\t<\/p>\n\t<\/div>\n<\/div><div class=\"wpcf7-response-output\" aria-hidden=\"true\"><\/div>\n<\/form>\n<\/div>\n<\/div>\n<\/div>\n<\/div>\n<\/div>\n<\/div>\n<\/div><\/div>\n","protected":false},"excerpt":{"rendered":"","protected":false},"author":1,"featured_media":0,"parent":0,"menu_order":0,"comment_status":"closed","ping_status":"closed","template":"","meta":{"ngg_post_thumbnail":0,"_jet_sm_ready_style":"","_jet_sm_style":"","_jet_sm_controls_values":"","_jet_sm_fonts_collection":"","_jet_sm_fonts_links":"","footnotes":""},"class_list":["post-55","page","type-page","status-publish","hentry"],"blocksy_meta":{"vertical_spacing_source":"custom","content_area_spacing":"none","styles_descriptor":{"styles":{"desktop":"","tablet":"","mobile":""},"google_fonts":[],"version":6}},"_links":{"self":[{"href":"https:\/\/geneva-am.com\/fr\/wp-json\/wp\/v2\/pages\/55","targetHints":{"allow":["GET"]}}],"collection":[{"href":"https:\/\/geneva-am.com\/fr\/wp-json\/wp\/v2\/pages"}],"about":[{"href":"https:\/\/geneva-am.com\/fr\/wp-json\/wp\/v2\/types\/page"}],"author":[{"embeddable":true,"href":"https:\/\/geneva-am.com\/fr\/wp-json\/wp\/v2\/users\/1"}],"replies":[{"embeddable":true,"href":"https:\/\/geneva-am.com\/fr\/wp-json\/wp\/v2\/comments?post=55"}],"version-history":[{"count":3,"href":"https:\/\/geneva-am.com\/fr\/wp-json\/wp\/v2\/pages\/55\/revisions"}],"predecessor-version":[{"id":366,"href":"https:\/\/geneva-am.com\/fr\/wp-json\/wp\/v2\/pages\/55\/revisions\/366"}],"wp:attachment":[{"href":"https:\/\/geneva-am.com\/fr\/wp-json\/wp\/v2\/media?parent=55"}],"curies":[{"name":"wp","href":"https:\/\/api.w.org\/{rel}","templated":true}]}}